{"id":38780,"date":"2023-03-14T08:39:05","date_gmt":"2023-03-14T07:39:05","guid":{"rendered":"https:\/\/prestige-e.com\/product\/housse-pour-ordinateur-portable\/"},"modified":"2025-11-27T13:26:40","modified_gmt":"2025-11-27T12:26:40","slug":"housse-pour-ordinateur-portable","status":"publish","type":"product","link":"https:\/\/prestige-e.com\/fr\/produit\/housse-pour-ordinateur-portable\/","title":{"rendered":"Housse pour ordinateur portable"},"content":{"rendered":"","protected":false},"excerpt":{"rendered":"<p>Housse originale pour ordinateur portable, confectionn\u00e9e en toile r\u00e9sistante avec une finition naturelle. Compartiment principal avec fermeture \u00e9clair assortie et poign\u00e9e de transport. Avec bandouli\u00e8re r\u00e9glable assortie et poche ext\u00e9rieure avec fermeture \u00e9clair. Pour ordinateur portable ou tablette jusqu&rsquo;\u00e0 15 pouces. La toile est un tissu tr\u00e8s polyvalent et durable, compos\u00e9 principalement de coton. Elle contribue \u00e0 la pr\u00e9servation de l&rsquo;environnement, car gr\u00e2ce \u00e0 sa r\u00e9sistance, elle offre une grande capacit\u00e9 de r\u00e9utilisation.     <\/p>\n<p><strong>Minimum order quantity required for this product:<\/strong><\/p>\n","protected":false},"featured_media":38781,"comment_status":"closed","ping_status":"closed","template":"","meta":{"inline_featured_image":false},"product_brand":[],"product_cat":[146,227],"product_tag":[],"class_list":{"0":"post-38780","1":"product","2":"type-product","3":"status-publish","4":"has-post-thumbnail","6":"product_cat-articles-de-bureau","7":"product_cat-sacs-bureau","9":"first","10":"instock","11":"shipping-taxable","12":"purchasable","13":"product-type-simple"},"aioseo_notices":[],"_links":{"self":[{"href":"https:\/\/prestige-e.com\/fr\/wp-json\/wp\/v2\/product\/38780","targetHints":{"allow":["GET"]}}],"collection":[{"href":"https:\/\/prestige-e.com\/fr\/wp-json\/wp\/v2\/product"}],"about":[{"href":"https:\/\/prestige-e.com\/fr\/wp-json\/wp\/v2\/types\/product"}],"replies":[{"embeddable":true,"href":"https:\/\/prestige-e.com\/fr\/wp-json\/wp\/v2\/comments?post=38780"}],"wp:featuredmedia":[{"embeddable":true,"href":"https:\/\/prestige-e.com\/fr\/wp-json\/wp\/v2\/media\/38781"}],"wp:attachment":[{"href":"https:\/\/prestige-e.com\/fr\/wp-json\/wp\/v2\/media?parent=38780"}],"wp:term":[{"taxonomy":"product_brand","embeddable":true,"href":"https:\/\/prestige-e.com\/fr\/wp-json\/wp\/v2\/product_brand?post=38780"},{"taxonomy":"product_cat","embeddable":true,"href":"https:\/\/prestige-e.com\/fr\/wp-json\/wp\/v2\/product_cat?post=38780"},{"taxonomy":"product_tag","embeddable":true,"href":"https:\/\/prestige-e.com\/fr\/wp-json\/wp\/v2\/product_tag?post=38780"}],"curies":[{"name":"wp","href":"https:\/\/api.w.org\/{rel}","templated":true}]}}