{"id":38777,"date":"2023-03-14T08:31:26","date_gmt":"2023-03-14T07:31:26","guid":{"rendered":"https:\/\/prestige-e.com\/product\/sacoche-pour-ordinateur-portable-vinga-hunton\/"},"modified":"2025-11-27T13:26:41","modified_gmt":"2025-11-27T12:26:41","slug":"sacoche-pour-ordinateur-portable-vinga-hunton","status":"publish","type":"product","link":"https:\/\/prestige-e.com\/fr\/produit\/sacoche-pour-ordinateur-portable-vinga-hunton\/","title":{"rendered":"Sacoche pour ordinateur portable VINGA Hunton"},"content":{"rendered":"","protected":false},"excerpt":{"rendered":"<p>Sacoche rembourr\u00e9e \u00e9l\u00e9gante pour ordinateur portable, adapt\u00e9e aux ordinateurs portables de 17 pouces. Adoptez un look sophistiqu\u00e9 tout en restant confortable avec cette sacoche en cuir PU de qualit\u00e9, dot\u00e9e d&rsquo;une bandouli\u00e8re r\u00e9glable et de subtils d\u00e9tails m\u00e9talliques finition laiton. Cette sacoche fine et \u00e9l\u00e9gante compl\u00e9tera parfaitement votre tenue pour un look business chic in\u00e9gal\u00e9 ! Convient aux ordinateurs portables d&rsquo;une taille totale de 17 pouces. Veuillez noter que les dimensions de l&rsquo;\u00e9cran ne sont pas les m\u00eames que les dimensions globales de l&rsquo;ordinateur portable.    <\/p>\n<p><strong><u>Dimensions<\/u><\/strong> : 26 x 30 x 0,5 cm<\/p>\n<p><strong><u>Mati\u00e8re<\/u><\/strong> : polyester<\/p>\n","protected":false},"featured_media":38778,"comment_status":"closed","ping_status":"closed","template":"","meta":{"inline_featured_image":false},"product_brand":[],"product_cat":[146,227],"product_tag":[],"class_list":{"0":"post-38777","1":"product","2":"type-product","3":"status-publish","4":"has-post-thumbnail","6":"product_cat-articles-de-bureau","7":"product_cat-sacs-bureau","9":"first","10":"instock","11":"shipping-taxable","12":"purchasable","13":"product-type-simple"},"aioseo_notices":[],"_links":{"self":[{"href":"https:\/\/prestige-e.com\/fr\/wp-json\/wp\/v2\/product\/38777","targetHints":{"allow":["GET"]}}],"collection":[{"href":"https:\/\/prestige-e.com\/fr\/wp-json\/wp\/v2\/product"}],"about":[{"href":"https:\/\/prestige-e.com\/fr\/wp-json\/wp\/v2\/types\/product"}],"replies":[{"embeddable":true,"href":"https:\/\/prestige-e.com\/fr\/wp-json\/wp\/v2\/comments?post=38777"}],"wp:featuredmedia":[{"embeddable":true,"href":"https:\/\/prestige-e.com\/fr\/wp-json\/wp\/v2\/media\/38778"}],"wp:attachment":[{"href":"https:\/\/prestige-e.com\/fr\/wp-json\/wp\/v2\/media?parent=38777"}],"wp:term":[{"taxonomy":"product_brand","embeddable":true,"href":"https:\/\/prestige-e.com\/fr\/wp-json\/wp\/v2\/product_brand?post=38777"},{"taxonomy":"product_cat","embeddable":true,"href":"https:\/\/prestige-e.com\/fr\/wp-json\/wp\/v2\/product_cat?post=38777"},{"taxonomy":"product_tag","embeddable":true,"href":"https:\/\/prestige-e.com\/fr\/wp-json\/wp\/v2\/product_tag?post=38777"}],"curies":[{"name":"wp","href":"https:\/\/api.w.org\/{rel}","templated":true}]}}