{"id":38774,"date":"2023-03-14T08:30:50","date_gmt":"2023-03-14T07:30:50","guid":{"rendered":"https:\/\/prestige-e.com\/product\/porte-documents-vinga\/"},"modified":"2025-11-27T13:26:41","modified_gmt":"2025-11-27T12:26:41","slug":"porte-documents-vinga","status":"publish","type":"product","link":"https:\/\/prestige-e.com\/fr\/produit\/porte-documents-vinga\/","title":{"rendered":"Porte-documents Vinga"},"content":{"rendered":"","protected":false},"excerpt":{"rendered":"<p>Un \u00e9tui d&rsquo;ordinateur portable rembourr\u00e9 et intelligent adapt\u00e9 \u00e0 un ordinateur portable de 15&Prime;. Adoptez un style \u00e9l\u00e9gant et sentez-vous \u00e0 l&rsquo;aise avec ce design en cuir v\u00e9g\u00e9talien de haute qualit\u00e9, compl\u00e9t\u00e9 par une bandouli\u00e8re ajustable et de fins d\u00e9tails m\u00e9talliques avec une finition laiton. Cet \u00e9tui mince et \u00e9l\u00e9gant s&rsquo;harmonisera parfaitement avec votre tenue &#8211; les affaires n&rsquo;ont jamais \u00e9t\u00e9 aussi chic !  <\/p>\n<p><strong>Minimum order quantity required for this product:<\/strong><\/p>\n","protected":false},"featured_media":38775,"comment_status":"closed","ping_status":"closed","template":"","meta":{"inline_featured_image":false},"product_brand":[],"product_cat":[146,227],"product_tag":[],"class_list":{"0":"post-38774","1":"product","2":"type-product","3":"status-publish","4":"has-post-thumbnail","6":"product_cat-articles-de-bureau","7":"product_cat-sacs-bureau","9":"first","10":"instock","11":"shipping-taxable","12":"purchasable","13":"product-type-simple"},"aioseo_notices":[],"_links":{"self":[{"href":"https:\/\/prestige-e.com\/fr\/wp-json\/wp\/v2\/product\/38774","targetHints":{"allow":["GET"]}}],"collection":[{"href":"https:\/\/prestige-e.com\/fr\/wp-json\/wp\/v2\/product"}],"about":[{"href":"https:\/\/prestige-e.com\/fr\/wp-json\/wp\/v2\/types\/product"}],"replies":[{"embeddable":true,"href":"https:\/\/prestige-e.com\/fr\/wp-json\/wp\/v2\/comments?post=38774"}],"wp:featuredmedia":[{"embeddable":true,"href":"https:\/\/prestige-e.com\/fr\/wp-json\/wp\/v2\/media\/38775"}],"wp:attachment":[{"href":"https:\/\/prestige-e.com\/fr\/wp-json\/wp\/v2\/media?parent=38774"}],"wp:term":[{"taxonomy":"product_brand","embeddable":true,"href":"https:\/\/prestige-e.com\/fr\/wp-json\/wp\/v2\/product_brand?post=38774"},{"taxonomy":"product_cat","embeddable":true,"href":"https:\/\/prestige-e.com\/fr\/wp-json\/wp\/v2\/product_cat?post=38774"},{"taxonomy":"product_tag","embeddable":true,"href":"https:\/\/prestige-e.com\/fr\/wp-json\/wp\/v2\/product_tag?post=38774"}],"curies":[{"name":"wp","href":"https:\/\/api.w.org\/{rel}","templated":true}]}}