{"id":38768,"date":"2023-03-14T09:41:54","date_gmt":"2023-03-14T08:41:54","guid":{"rendered":"https:\/\/prestige-e.com\/product\/carnet-reutilisable-a5-avec-couverture-en-pp\/"},"modified":"2025-11-27T13:26:38","modified_gmt":"2025-11-27T12:26:38","slug":"carnet-reutilisable-a5-avec-couverture-en-pp","status":"publish","type":"product","link":"https:\/\/prestige-e.com\/fr\/produit\/carnet-reutilisable-a5-avec-couverture-en-pp\/","title":{"rendered":"Carnet r\u00e9utilisable A5 avec couverture en PP"},"content":{"rendered":"","protected":false},"excerpt":{"rendered":"<p>Carnet r\u00e9utilisable A5 avec couverture en PP. 36 pages lign\u00e9es en papier recycl\u00e9 (18 feuilles). Compatible avec toute application de num\u00e9risation de documents. Comprend un stylo effa\u00e7able \u00e0 l&rsquo;eau et un chiffon de nettoyage. FSC 100% | P10 | FSC-C213206    <\/p>\n<p><strong><u>Dimension<\/u><\/strong> : 14,8 x 21 cm<\/p>\n<p><strong><u>Mat\u00e9riau<\/u><\/strong>&nbsp;: papier<\/p>\n","protected":false},"featured_media":38770,"comment_status":"closed","ping_status":"closed","template":"","meta":{"inline_featured_image":false},"product_brand":[],"product_cat":[146,147],"product_tag":[],"class_list":{"0":"post-38768","1":"product","2":"type-product","3":"status-publish","4":"has-post-thumbnail","6":"product_cat-articles-de-bureau","7":"product_cat-carnet-articles-de-bureau","9":"first","10":"instock","11":"shipping-taxable","12":"purchasable","13":"product-type-simple"},"aioseo_notices":[],"_links":{"self":[{"href":"https:\/\/prestige-e.com\/fr\/wp-json\/wp\/v2\/product\/38768","targetHints":{"allow":["GET"]}}],"collection":[{"href":"https:\/\/prestige-e.com\/fr\/wp-json\/wp\/v2\/product"}],"about":[{"href":"https:\/\/prestige-e.com\/fr\/wp-json\/wp\/v2\/types\/product"}],"replies":[{"embeddable":true,"href":"https:\/\/prestige-e.com\/fr\/wp-json\/wp\/v2\/comments?post=38768"}],"wp:featuredmedia":[{"embeddable":true,"href":"https:\/\/prestige-e.com\/fr\/wp-json\/wp\/v2\/media\/38770"}],"wp:attachment":[{"href":"https:\/\/prestige-e.com\/fr\/wp-json\/wp\/v2\/media?parent=38768"}],"wp:term":[{"taxonomy":"product_brand","embeddable":true,"href":"https:\/\/prestige-e.com\/fr\/wp-json\/wp\/v2\/product_brand?post=38768"},{"taxonomy":"product_cat","embeddable":true,"href":"https:\/\/prestige-e.com\/fr\/wp-json\/wp\/v2\/product_cat?post=38768"},{"taxonomy":"product_tag","embeddable":true,"href":"https:\/\/prestige-e.com\/fr\/wp-json\/wp\/v2\/product_tag?post=38768"}],"curies":[{"name":"wp","href":"https:\/\/api.w.org\/{rel}","templated":true}]}}