{"id":38762,"date":"2023-03-13T14:27:15","date_gmt":"2023-03-13T13:27:15","guid":{"rendered":"https:\/\/prestige-e.com\/product\/sac-banane\/"},"modified":"2025-11-27T13:26:42","modified_gmt":"2025-11-27T12:26:42","slug":"sac-banane","status":"publish","type":"product","link":"https:\/\/prestige-e.com\/fr\/produit\/sac-banane\/","title":{"rendered":"Sac banane"},"content":{"rendered":"","protected":false},"excerpt":{"rendered":"<p>Sac banane en polyester rPET 600D avec compartiment principal \u00e0 fermeture \u00e9clair et sangle de taille ajustable. Comprend une poche int\u00e9rieure. <\/p>\n<p><strong><u>Dimension<\/u><\/strong> : 26 x 12 x 15 cm<\/p>\n<p><strong><u>Mat\u00e9riau<\/u><\/strong> : rPET<\/p>\n","protected":false},"featured_media":38766,"comment_status":"closed","ping_status":"closed","template":"","meta":{"inline_featured_image":false},"product_brand":[],"product_cat":[174,152,219,212,224,189],"product_tag":[],"class_list":{"0":"post-38762","1":"product","2":"type-product","3":"status-publish","4":"has-post-thumbnail","6":"product_cat-art-de-vivre","7":"product_cat-ecologie","8":"product_cat-sacs-art-de-vivre","9":"product_cat-sacs-ecologie","10":"product_cat-sacs-voyage","11":"product_cat-voyage","13":"first","14":"instock","15":"shipping-taxable","16":"purchasable","17":"product-type-simple"},"aioseo_notices":[],"_links":{"self":[{"href":"https:\/\/prestige-e.com\/fr\/wp-json\/wp\/v2\/product\/38762","targetHints":{"allow":["GET"]}}],"collection":[{"href":"https:\/\/prestige-e.com\/fr\/wp-json\/wp\/v2\/product"}],"about":[{"href":"https:\/\/prestige-e.com\/fr\/wp-json\/wp\/v2\/types\/product"}],"replies":[{"embeddable":true,"href":"https:\/\/prestige-e.com\/fr\/wp-json\/wp\/v2\/comments?post=38762"}],"wp:featuredmedia":[{"embeddable":true,"href":"https:\/\/prestige-e.com\/fr\/wp-json\/wp\/v2\/media\/38766"}],"wp:attachment":[{"href":"https:\/\/prestige-e.com\/fr\/wp-json\/wp\/v2\/media?parent=38762"}],"wp:term":[{"taxonomy":"product_brand","embeddable":true,"href":"https:\/\/prestige-e.com\/fr\/wp-json\/wp\/v2\/product_brand?post=38762"},{"taxonomy":"product_cat","embeddable":true,"href":"https:\/\/prestige-e.com\/fr\/wp-json\/wp\/v2\/product_cat?post=38762"},{"taxonomy":"product_tag","embeddable":true,"href":"https:\/\/prestige-e.com\/fr\/wp-json\/wp\/v2\/product_tag?post=38762"}],"curies":[{"name":"wp","href":"https:\/\/api.w.org\/{rel}","templated":true}]}}