{"id":38761,"date":"2023-03-14T08:41:27","date_gmt":"2023-03-14T07:41:27","guid":{"rendered":"https:\/\/prestige-e.com\/product\/sacoche-pour-ordinateur\/"},"modified":"2025-11-27T13:26:40","modified_gmt":"2025-11-27T12:26:40","slug":"sacoche-pour-ordinateur","status":"publish","type":"product","link":"https:\/\/prestige-e.com\/fr\/produit\/sacoche-pour-ordinateur\/","title":{"rendered":"Sacoche pour ordinateur"},"content":{"rendered":"","protected":false},"excerpt":{"rendered":"<p>Sacoche pour ordinateur 15&Prime; en toile lav\u00e9e 340 gr\/m\u00b2. Bandouli\u00e8re rembourr\u00e9e amovible et r\u00e9glable. Sangle trolley au dos.  <\/p>\n<p><strong>Minimum order quantity required for this product:<\/strong><\/p>\n","protected":false},"featured_media":38763,"comment_status":"closed","ping_status":"closed","template":"","meta":{"inline_featured_image":false},"product_brand":[],"product_cat":[146,227],"product_tag":[],"class_list":{"0":"post-38761","1":"product","2":"type-product","3":"status-publish","4":"has-post-thumbnail","6":"product_cat-articles-de-bureau","7":"product_cat-sacs-bureau","9":"first","10":"instock","11":"shipping-taxable","12":"purchasable","13":"product-type-simple"},"aioseo_notices":[],"_links":{"self":[{"href":"https:\/\/prestige-e.com\/fr\/wp-json\/wp\/v2\/product\/38761","targetHints":{"allow":["GET"]}}],"collection":[{"href":"https:\/\/prestige-e.com\/fr\/wp-json\/wp\/v2\/product"}],"about":[{"href":"https:\/\/prestige-e.com\/fr\/wp-json\/wp\/v2\/types\/product"}],"replies":[{"embeddable":true,"href":"https:\/\/prestige-e.com\/fr\/wp-json\/wp\/v2\/comments?post=38761"}],"wp:featuredmedia":[{"embeddable":true,"href":"https:\/\/prestige-e.com\/fr\/wp-json\/wp\/v2\/media\/38763"}],"wp:attachment":[{"href":"https:\/\/prestige-e.com\/fr\/wp-json\/wp\/v2\/media?parent=38761"}],"wp:term":[{"taxonomy":"product_brand","embeddable":true,"href":"https:\/\/prestige-e.com\/fr\/wp-json\/wp\/v2\/product_brand?post=38761"},{"taxonomy":"product_cat","embeddable":true,"href":"https:\/\/prestige-e.com\/fr\/wp-json\/wp\/v2\/product_cat?post=38761"},{"taxonomy":"product_tag","embeddable":true,"href":"https:\/\/prestige-e.com\/fr\/wp-json\/wp\/v2\/product_tag?post=38761"}],"curies":[{"name":"wp","href":"https:\/\/api.w.org\/{rel}","templated":true}]}}