{"id":38755,"date":"2023-03-14T09:41:02","date_gmt":"2023-03-14T08:41:02","guid":{"rendered":"https:\/\/prestige-e.com\/product\/carnet-a5-avec-couverture-rigide\/"},"modified":"2025-11-27T13:26:38","modified_gmt":"2025-11-27T12:26:38","slug":"carnet-a5-avec-couverture-rigide","status":"publish","type":"product","link":"https:\/\/prestige-e.com\/fr\/produit\/carnet-a5-avec-couverture-rigide\/","title":{"rendered":"Carnet A5 avec couverture rigide"},"content":{"rendered":"","protected":false},"excerpt":{"rendered":"<div class=\"description-wrapper \">\n<p>Carnet A5 avec couverture rigide fabriqu\u00e9e \u00e0 partir de 70 % de cartons de lait recycl\u00e9s et 30 % de papier recycl\u00e9. Reli\u00e9. 160 pages lign\u00e9es (80 feuilles de 80 g\/m\u00b2) en papier recycl\u00e9. Fermeture \u00e9lastique, marque-page en ruban.   <\/p>\n<p><strong><u>Dimensions<\/u><\/strong> : 21 x 14,5 x 1,3 cm<\/p>\n<p><strong><u>Mat\u00e9riau<\/u><\/strong> : carton de lait recycl\u00e9<\/p>\n<\/div>\n<div class=\"outer-price-container\">\n<div class=\"inner-price-container\">\n<div class=\"pdp-price-wrapper\">\n<div class=\"current-price\">\n<div class=\"price-wrapper\"><\/div>\n<\/div>\n<\/div>\n<\/div>\n<\/div>\n","protected":false},"featured_media":38756,"comment_status":"closed","ping_status":"closed","template":"","meta":{"inline_featured_image":false},"product_brand":[],"product_cat":[146,147,152,210],"product_tag":[],"class_list":{"0":"post-38755","1":"product","2":"type-product","3":"status-publish","4":"has-post-thumbnail","6":"product_cat-articles-de-bureau","7":"product_cat-carnet-articles-de-bureau","8":"product_cat-ecologie","9":"product_cat-espace-de-travail-ecologie","11":"first","12":"instock","13":"shipping-taxable","14":"purchasable","15":"product-type-simple"},"aioseo_notices":[],"_links":{"self":[{"href":"https:\/\/prestige-e.com\/fr\/wp-json\/wp\/v2\/product\/38755","targetHints":{"allow":["GET"]}}],"collection":[{"href":"https:\/\/prestige-e.com\/fr\/wp-json\/wp\/v2\/product"}],"about":[{"href":"https:\/\/prestige-e.com\/fr\/wp-json\/wp\/v2\/types\/product"}],"replies":[{"embeddable":true,"href":"https:\/\/prestige-e.com\/fr\/wp-json\/wp\/v2\/comments?post=38755"}],"wp:featuredmedia":[{"embeddable":true,"href":"https:\/\/prestige-e.com\/fr\/wp-json\/wp\/v2\/media\/38756"}],"wp:attachment":[{"href":"https:\/\/prestige-e.com\/fr\/wp-json\/wp\/v2\/media?parent=38755"}],"wp:term":[{"taxonomy":"product_brand","embeddable":true,"href":"https:\/\/prestige-e.com\/fr\/wp-json\/wp\/v2\/product_brand?post=38755"},{"taxonomy":"product_cat","embeddable":true,"href":"https:\/\/prestige-e.com\/fr\/wp-json\/wp\/v2\/product_cat?post=38755"},{"taxonomy":"product_tag","embeddable":true,"href":"https:\/\/prestige-e.com\/fr\/wp-json\/wp\/v2\/product_tag?post=38755"}],"curies":[{"name":"wp","href":"https:\/\/api.w.org\/{rel}","templated":true}]}}