{"id":38750,"date":"2023-03-14T08:52:10","date_gmt":"2023-03-14T07:52:10","guid":{"rendered":"https:\/\/prestige-e.com\/product\/ensemble-de-stylos-swiss-peak\/"},"modified":"2025-11-27T13:26:39","modified_gmt":"2025-11-27T12:26:39","slug":"ensemble-de-stylos-swiss-peak","status":"publish","type":"product","link":"https:\/\/prestige-e.com\/fr\/produit\/ensemble-de-stylos-swiss-peak\/","title":{"rendered":"Ensemble de stylos Swiss Peak"},"content":{"rendered":"","protected":false},"excerpt":{"rendered":"<p>Cet ensemble de stylos de luxe Swiss Peak comprend un stylo \u00e0 bille et un stylo roller pour offrir une exp\u00e9rience d&rsquo;\u00e9criture compl\u00e8te. Les deux articles de ce coffret cadeau pr\u00e9sentent un corps en aluminium de qualit\u00e9 et une superbe finition mate couleur canon de fusil. Chaque stylo contient de l&rsquo;encre bleue Dokumental. La longueur d&rsquo;\u00e9criture du stylo \u00e0 bille est de 1200 m\u00e8tres et celle du stylo roller est de 400 m\u00e8tres. L&rsquo;ensemble de stylos est livr\u00e9 dans une pochette en simili cuir de luxe et une bo\u00eete cadeau noire.    <\/p>\n<p><strong>Minimum order quantity required for this product:<\/strong><\/p>\n<div class=\"quantity\"><\/div>\n","protected":false},"featured_media":38754,"comment_status":"closed","ping_status":"closed","template":"","meta":{"inline_featured_image":false},"product_brand":[],"product_cat":[146],"product_tag":[],"class_list":{"0":"post-38750","1":"product","2":"type-product","3":"status-publish","4":"has-post-thumbnail","6":"product_cat-articles-de-bureau","8":"first","9":"instock","10":"shipping-taxable","11":"purchasable","12":"product-type-simple"},"aioseo_notices":[],"_links":{"self":[{"href":"https:\/\/prestige-e.com\/fr\/wp-json\/wp\/v2\/product\/38750","targetHints":{"allow":["GET"]}}],"collection":[{"href":"https:\/\/prestige-e.com\/fr\/wp-json\/wp\/v2\/product"}],"about":[{"href":"https:\/\/prestige-e.com\/fr\/wp-json\/wp\/v2\/types\/product"}],"replies":[{"embeddable":true,"href":"https:\/\/prestige-e.com\/fr\/wp-json\/wp\/v2\/comments?post=38750"}],"wp:featuredmedia":[{"embeddable":true,"href":"https:\/\/prestige-e.com\/fr\/wp-json\/wp\/v2\/media\/38754"}],"wp:attachment":[{"href":"https:\/\/prestige-e.com\/fr\/wp-json\/wp\/v2\/media?parent=38750"}],"wp:term":[{"taxonomy":"product_brand","embeddable":true,"href":"https:\/\/prestige-e.com\/fr\/wp-json\/wp\/v2\/product_brand?post=38750"},{"taxonomy":"product_cat","embeddable":true,"href":"https:\/\/prestige-e.com\/fr\/wp-json\/wp\/v2\/product_cat?post=38750"},{"taxonomy":"product_tag","embeddable":true,"href":"https:\/\/prestige-e.com\/fr\/wp-json\/wp\/v2\/product_tag?post=38750"}],"curies":[{"name":"wp","href":"https:\/\/api.w.org\/{rel}","templated":true}]}}