{"id":38744,"date":"2023-03-14T09:13:50","date_gmt":"2023-03-14T08:13:50","guid":{"rendered":"https:\/\/prestige-e.com\/product\/carnet-tefan\/"},"modified":"2025-11-27T13:26:38","modified_gmt":"2025-11-27T12:26:38","slug":"carnet-tefan","status":"publish","type":"product","link":"https:\/\/prestige-e.com\/fr\/produit\/carnet-tefan\/","title":{"rendered":"Carnet Tefan"},"content":{"rendered":"","protected":false},"excerpt":{"rendered":"<p>Carnet de la gamme Nature. Avec couvertures rigides en cuir recycl\u00e9, qui r\u00e9cup\u00e8re les fibres rejet\u00e9es lors des processus de fabrication, minimisant le gaspillage de mat\u00e9riaux, contribuant \u00e0 r\u00e9duire l&rsquo;impact environnemental tout en conservant ses propri\u00e9t\u00e9s d&rsquo;origine. Int\u00e9rieur avec 100 feuilles lign\u00e9es. Comprend un marque-page, une fermeture \u00e9lastique et un porte-stylo assorti. Pr\u00e9sente le cuir recycl\u00e9 distinctif. Couverture rigide. 100 feuilles      <\/p>\n<p><strong>Minimum order quantity required for this product:<\/strong><\/p>\n","protected":false},"featured_media":38748,"comment_status":"closed","ping_status":"closed","template":"","meta":{"inline_featured_image":false},"product_brand":[],"product_cat":[146],"product_tag":[],"class_list":{"0":"post-38744","1":"product","2":"type-product","3":"status-publish","4":"has-post-thumbnail","6":"product_cat-articles-de-bureau","8":"first","9":"instock","10":"shipping-taxable","11":"purchasable","12":"product-type-simple"},"aioseo_notices":[],"_links":{"self":[{"href":"https:\/\/prestige-e.com\/fr\/wp-json\/wp\/v2\/product\/38744","targetHints":{"allow":["GET"]}}],"collection":[{"href":"https:\/\/prestige-e.com\/fr\/wp-json\/wp\/v2\/product"}],"about":[{"href":"https:\/\/prestige-e.com\/fr\/wp-json\/wp\/v2\/types\/product"}],"replies":[{"embeddable":true,"href":"https:\/\/prestige-e.com\/fr\/wp-json\/wp\/v2\/comments?post=38744"}],"wp:featuredmedia":[{"embeddable":true,"href":"https:\/\/prestige-e.com\/fr\/wp-json\/wp\/v2\/media\/38748"}],"wp:attachment":[{"href":"https:\/\/prestige-e.com\/fr\/wp-json\/wp\/v2\/media?parent=38744"}],"wp:term":[{"taxonomy":"product_brand","embeddable":true,"href":"https:\/\/prestige-e.com\/fr\/wp-json\/wp\/v2\/product_brand?post=38744"},{"taxonomy":"product_cat","embeddable":true,"href":"https:\/\/prestige-e.com\/fr\/wp-json\/wp\/v2\/product_cat?post=38744"},{"taxonomy":"product_tag","embeddable":true,"href":"https:\/\/prestige-e.com\/fr\/wp-json\/wp\/v2\/product_tag?post=38744"}],"curies":[{"name":"wp","href":"https:\/\/api.w.org\/{rel}","templated":true}]}}