{"id":38735,"date":"2023-03-14T09:07:35","date_gmt":"2023-03-14T08:07:35","guid":{"rendered":"https:\/\/prestige-e.com\/product\/carnet-a5-a-couverture-souple-en-feutre-recycle-certifie-grs\/"},"modified":"2025-11-27T13:26:38","modified_gmt":"2025-11-27T12:26:38","slug":"carnet-a5-a-couverture-souple-en-feutre-recycle-certifie-grs","status":"publish","type":"product","link":"https:\/\/prestige-e.com\/fr\/produit\/carnet-a5-a-couverture-souple-en-feutre-recycle-certifie-grs\/","title":{"rendered":"Carnet A5 \u00e0 couverture souple en feutre recycl\u00e9 certifi\u00e9 GRS"},"content":{"rendered":"","protected":false},"excerpt":{"rendered":"<p>Ce magnifique carnet en feutre recycl\u00e9 est parfait pour toutes vos notes. La couverture et les pages int\u00e9rieures sont fabriqu\u00e9es \u00e0 partir de mat\u00e9riaux 100 % certifi\u00e9s GRS. La certification GRS garantit une cha\u00eene d&rsquo;approvisionnement enti\u00e8rement certifi\u00e9e des mat\u00e9riaux recycl\u00e9s. Teneur totale en mati\u00e8res recycl\u00e9es : 99 % du poids total de l&rsquo;article. Le carnet comporte 80 feuilles\/160 pages lign\u00e9es de 70 g\/m2.    <\/p>\n<p><strong><u>Dimension<\/u><\/strong> : 21 x 13,5 x 1,2 cm<\/p>\n<p><strong><u>Mat\u00e9riau<\/u><\/strong> : Feutre recycl\u00e9<\/p>\n","protected":false},"featured_media":38740,"comment_status":"closed","ping_status":"closed","template":"","meta":{"inline_featured_image":false},"product_brand":[],"product_cat":[146,147,152,210],"product_tag":[],"class_list":{"0":"post-38735","1":"product","2":"type-product","3":"status-publish","4":"has-post-thumbnail","6":"product_cat-articles-de-bureau","7":"product_cat-carnet-articles-de-bureau","8":"product_cat-ecologie","9":"product_cat-espace-de-travail-ecologie","11":"first","12":"instock","13":"shipping-taxable","14":"purchasable","15":"product-type-simple"},"aioseo_notices":[],"_links":{"self":[{"href":"https:\/\/prestige-e.com\/fr\/wp-json\/wp\/v2\/product\/38735","targetHints":{"allow":["GET"]}}],"collection":[{"href":"https:\/\/prestige-e.com\/fr\/wp-json\/wp\/v2\/product"}],"about":[{"href":"https:\/\/prestige-e.com\/fr\/wp-json\/wp\/v2\/types\/product"}],"replies":[{"embeddable":true,"href":"https:\/\/prestige-e.com\/fr\/wp-json\/wp\/v2\/comments?post=38735"}],"wp:featuredmedia":[{"embeddable":true,"href":"https:\/\/prestige-e.com\/fr\/wp-json\/wp\/v2\/media\/38740"}],"wp:attachment":[{"href":"https:\/\/prestige-e.com\/fr\/wp-json\/wp\/v2\/media?parent=38735"}],"wp:term":[{"taxonomy":"product_brand","embeddable":true,"href":"https:\/\/prestige-e.com\/fr\/wp-json\/wp\/v2\/product_brand?post=38735"},{"taxonomy":"product_cat","embeddable":true,"href":"https:\/\/prestige-e.com\/fr\/wp-json\/wp\/v2\/product_cat?post=38735"},{"taxonomy":"product_tag","embeddable":true,"href":"https:\/\/prestige-e.com\/fr\/wp-json\/wp\/v2\/product_tag?post=38735"}],"curies":[{"name":"wp","href":"https:\/\/api.w.org\/{rel}","templated":true}]}}