{"id":38733,"date":"2023-03-14T08:43:26","date_gmt":"2023-03-14T07:43:26","guid":{"rendered":"https:\/\/prestige-e.com\/product\/sac-a-dos-pour-ordinateur-portable-15-pouces\/"},"modified":"2025-11-27T13:26:40","modified_gmt":"2025-11-27T12:26:40","slug":"sac-a-dos-pour-ordinateur-portable-15-pouces","status":"publish","type":"product","link":"https:\/\/prestige-e.com\/fr\/produit\/sac-a-dos-pour-ordinateur-portable-15-pouces\/","title":{"rendered":"Sac \u00e0 dos pour ordinateur portable 15 pouces"},"content":{"rendered":"","protected":false},"excerpt":{"rendered":"<p>Sac \u00e0 dos pour ordinateur portable 15 pouces en toile d\u00e9lav\u00e9e de 340 gr\/m\u00b2. Dos et bretelles rembourr\u00e9s. Sangle pour trolley \u00e0 l&rsquo;arri\u00e8re.  <\/p>\n<p><strong><u>Dimension<\/u><\/strong>&nbsp;: 30 x 14 x 45 cm<\/p>\n<p><strong><u>Mat\u00e9riau<\/u><\/strong> : coton<\/p>\n","protected":false},"featured_media":38734,"comment_status":"closed","ping_status":"closed","template":"","meta":{"inline_featured_image":false},"product_brand":[],"product_cat":[146,227],"product_tag":[],"class_list":{"0":"post-38733","1":"product","2":"type-product","3":"status-publish","4":"has-post-thumbnail","6":"product_cat-articles-de-bureau","7":"product_cat-sacs-bureau","9":"first","10":"instock","11":"shipping-taxable","12":"purchasable","13":"product-type-simple"},"aioseo_notices":[],"_links":{"self":[{"href":"https:\/\/prestige-e.com\/fr\/wp-json\/wp\/v2\/product\/38733","targetHints":{"allow":["GET"]}}],"collection":[{"href":"https:\/\/prestige-e.com\/fr\/wp-json\/wp\/v2\/product"}],"about":[{"href":"https:\/\/prestige-e.com\/fr\/wp-json\/wp\/v2\/types\/product"}],"replies":[{"embeddable":true,"href":"https:\/\/prestige-e.com\/fr\/wp-json\/wp\/v2\/comments?post=38733"}],"wp:featuredmedia":[{"embeddable":true,"href":"https:\/\/prestige-e.com\/fr\/wp-json\/wp\/v2\/media\/38734"}],"wp:attachment":[{"href":"https:\/\/prestige-e.com\/fr\/wp-json\/wp\/v2\/media?parent=38733"}],"wp:term":[{"taxonomy":"product_brand","embeddable":true,"href":"https:\/\/prestige-e.com\/fr\/wp-json\/wp\/v2\/product_brand?post=38733"},{"taxonomy":"product_cat","embeddable":true,"href":"https:\/\/prestige-e.com\/fr\/wp-json\/wp\/v2\/product_cat?post=38733"},{"taxonomy":"product_tag","embeddable":true,"href":"https:\/\/prestige-e.com\/fr\/wp-json\/wp\/v2\/product_tag?post=38733"}],"curies":[{"name":"wp","href":"https:\/\/api.w.org\/{rel}","templated":true}]}}