{"id":38729,"date":"2023-03-14T09:00:15","date_gmt":"2023-03-14T08:00:15","guid":{"rendered":"https:\/\/prestige-e.com\/product\/stylo-a-bille-sans-encre\/"},"modified":"2025-11-27T13:26:39","modified_gmt":"2025-11-27T12:26:39","slug":"stylo-a-bille-sans-encre","status":"publish","type":"product","link":"https:\/\/prestige-e.com\/fr\/produit\/stylo-a-bille-sans-encre\/","title":{"rendered":"Stylo \u00e0 bille sans encre"},"content":{"rendered":"","protected":false},"excerpt":{"rendered":"<p>Stylo sans encre longue dur\u00e9e avec corps en papier. Ce stylo poss\u00e8de une pointe en alliage m\u00e9tallique et, lorsque vous \u00e9crivez, il oxyde la surface du papier sans laisser de r\u00e9sidu. <\/p>\n<p><strong>Minimum order quantity required for this product:<\/strong><\/p>\n","protected":false},"featured_media":38731,"comment_status":"closed","ping_status":"closed","template":"","meta":{"inline_featured_image":false},"product_brand":[],"product_cat":[146],"product_tag":[],"class_list":{"0":"post-38729","1":"product","2":"type-product","3":"status-publish","4":"has-post-thumbnail","6":"product_cat-articles-de-bureau","8":"first","9":"instock","10":"shipping-taxable","11":"purchasable","12":"product-type-simple"},"aioseo_notices":[],"_links":{"self":[{"href":"https:\/\/prestige-e.com\/fr\/wp-json\/wp\/v2\/product\/38729","targetHints":{"allow":["GET"]}}],"collection":[{"href":"https:\/\/prestige-e.com\/fr\/wp-json\/wp\/v2\/product"}],"about":[{"href":"https:\/\/prestige-e.com\/fr\/wp-json\/wp\/v2\/types\/product"}],"replies":[{"embeddable":true,"href":"https:\/\/prestige-e.com\/fr\/wp-json\/wp\/v2\/comments?post=38729"}],"wp:featuredmedia":[{"embeddable":true,"href":"https:\/\/prestige-e.com\/fr\/wp-json\/wp\/v2\/media\/38731"}],"wp:attachment":[{"href":"https:\/\/prestige-e.com\/fr\/wp-json\/wp\/v2\/media?parent=38729"}],"wp:term":[{"taxonomy":"product_brand","embeddable":true,"href":"https:\/\/prestige-e.com\/fr\/wp-json\/wp\/v2\/product_brand?post=38729"},{"taxonomy":"product_cat","embeddable":true,"href":"https:\/\/prestige-e.com\/fr\/wp-json\/wp\/v2\/product_cat?post=38729"},{"taxonomy":"product_tag","embeddable":true,"href":"https:\/\/prestige-e.com\/fr\/wp-json\/wp\/v2\/product_tag?post=38729"}],"curies":[{"name":"wp","href":"https:\/\/api.w.org\/{rel}","templated":true}]}}