{"id":38726,"date":"2023-03-14T08:42:40","date_gmt":"2023-03-14T07:42:40","guid":{"rendered":"https:\/\/prestige-e.com\/product\/porte-documents\/"},"modified":"2025-11-27T13:26:40","modified_gmt":"2025-11-27T12:26:40","slug":"porte-documents","status":"publish","type":"product","link":"https:\/\/prestige-e.com\/fr\/produit\/porte-documents\/","title":{"rendered":"Porte-documents"},"content":{"rendered":"","protected":false},"excerpt":{"rendered":"<p>Porte-documents original de la ligne nature, fabriqu\u00e9 en feutre RPET r\u00e9sistant. Compartiment principal avec rabat et fermetures \u00e0 boucle, contrastant avec la poign\u00e9e et les sangles, en \u00e9l\u00e9gant cuir d&rsquo;imitation marron. Poche ext\u00e9rieure avec \u00e9tiquette RPET. Le feutre RPET est le r\u00e9sultat de la combinaison du processus de recyclage des mati\u00e8res plastiques et de l&rsquo;ancienne technique de fabrication du feutre, ce qui donne un mat\u00e9riau \u00e9co-tendance qui, en plus d&rsquo;\u00eatre d&rsquo;origine recycl\u00e9e, devient \u00e9galement recyclable.   <\/p>\n<p><strong>Minimum order quantity required for this product:<\/strong><\/p>\n","protected":false},"featured_media":38730,"comment_status":"closed","ping_status":"closed","template":"","meta":{"inline_featured_image":false},"product_brand":[],"product_cat":[146,227],"product_tag":[],"class_list":{"0":"post-38726","1":"product","2":"type-product","3":"status-publish","4":"has-post-thumbnail","6":"product_cat-articles-de-bureau","7":"product_cat-sacs-bureau","9":"first","10":"instock","11":"shipping-taxable","12":"purchasable","13":"product-type-simple"},"aioseo_notices":[],"_links":{"self":[{"href":"https:\/\/prestige-e.com\/fr\/wp-json\/wp\/v2\/product\/38726","targetHints":{"allow":["GET"]}}],"collection":[{"href":"https:\/\/prestige-e.com\/fr\/wp-json\/wp\/v2\/product"}],"about":[{"href":"https:\/\/prestige-e.com\/fr\/wp-json\/wp\/v2\/types\/product"}],"replies":[{"embeddable":true,"href":"https:\/\/prestige-e.com\/fr\/wp-json\/wp\/v2\/comments?post=38726"}],"wp:featuredmedia":[{"embeddable":true,"href":"https:\/\/prestige-e.com\/fr\/wp-json\/wp\/v2\/media\/38730"}],"wp:attachment":[{"href":"https:\/\/prestige-e.com\/fr\/wp-json\/wp\/v2\/media?parent=38726"}],"wp:term":[{"taxonomy":"product_brand","embeddable":true,"href":"https:\/\/prestige-e.com\/fr\/wp-json\/wp\/v2\/product_brand?post=38726"},{"taxonomy":"product_cat","embeddable":true,"href":"https:\/\/prestige-e.com\/fr\/wp-json\/wp\/v2\/product_cat?post=38726"},{"taxonomy":"product_tag","embeddable":true,"href":"https:\/\/prestige-e.com\/fr\/wp-json\/wp\/v2\/product_tag?post=38726"}],"curies":[{"name":"wp","href":"https:\/\/api.w.org\/{rel}","templated":true}]}}