{"id":38721,"date":"2023-03-14T10:02:34","date_gmt":"2023-03-14T09:02:34","guid":{"rendered":"https:\/\/prestige-e.com\/product\/porte-stylo\/"},"modified":"2025-11-27T13:26:36","modified_gmt":"2025-11-27T12:26:36","slug":"porte-stylo","status":"publish","type":"product","link":"https:\/\/prestige-e.com\/fr\/produit\/porte-stylo\/","title":{"rendered":"Porte-stylo"},"content":{"rendered":"","protected":false},"excerpt":{"rendered":"<p>Porte-stylo de la ligne Nature fabriqu\u00e9 en feutre RPET, avec support pour smartphone en bambou. Avec la particularit\u00e9 du feutre RPET et pr\u00e9sent\u00e9 dans une bo\u00eete individuelle au design kraft. Le feutre RPET est le r\u00e9sultat de la combinaison des processus de recyclage des mat\u00e9riaux plastiques avec la technique mill\u00e9naire de fabrication du feutre, donnant naissance \u00e0 un mat\u00e9riau \u00e9co-tendance qui, en plus d&rsquo;\u00eatre d&rsquo;origine recycl\u00e9e, devient \u00e9galement recyclable.  <\/p>\n<p><strong>Minimum order quantity required for this product:<\/strong><\/p>\n","protected":false},"featured_media":38724,"comment_status":"closed","ping_status":"closed","template":"","meta":{"inline_featured_image":false},"product_brand":[],"product_cat":[146],"product_tag":[],"class_list":{"0":"post-38721","1":"product","2":"type-product","3":"status-publish","4":"has-post-thumbnail","6":"product_cat-articles-de-bureau","8":"first","9":"instock","10":"shipping-taxable","11":"purchasable","12":"product-type-simple"},"aioseo_notices":[],"_links":{"self":[{"href":"https:\/\/prestige-e.com\/fr\/wp-json\/wp\/v2\/product\/38721","targetHints":{"allow":["GET"]}}],"collection":[{"href":"https:\/\/prestige-e.com\/fr\/wp-json\/wp\/v2\/product"}],"about":[{"href":"https:\/\/prestige-e.com\/fr\/wp-json\/wp\/v2\/types\/product"}],"replies":[{"embeddable":true,"href":"https:\/\/prestige-e.com\/fr\/wp-json\/wp\/v2\/comments?post=38721"}],"wp:featuredmedia":[{"embeddable":true,"href":"https:\/\/prestige-e.com\/fr\/wp-json\/wp\/v2\/media\/38724"}],"wp:attachment":[{"href":"https:\/\/prestige-e.com\/fr\/wp-json\/wp\/v2\/media?parent=38721"}],"wp:term":[{"taxonomy":"product_brand","embeddable":true,"href":"https:\/\/prestige-e.com\/fr\/wp-json\/wp\/v2\/product_brand?post=38721"},{"taxonomy":"product_cat","embeddable":true,"href":"https:\/\/prestige-e.com\/fr\/wp-json\/wp\/v2\/product_cat?post=38721"},{"taxonomy":"product_tag","embeddable":true,"href":"https:\/\/prestige-e.com\/fr\/wp-json\/wp\/v2\/product_tag?post=38721"}],"curies":[{"name":"wp","href":"https:\/\/api.w.org\/{rel}","templated":true}]}}