{"id":38716,"date":"2023-03-14T09:58:46","date_gmt":"2023-03-14T08:58:46","guid":{"rendered":"https:\/\/prestige-e.com\/product\/jeu-de-cartes-inary\/"},"modified":"2025-11-27T13:26:36","modified_gmt":"2025-11-27T12:26:36","slug":"jeu-de-cartes-inary","status":"publish","type":"product","link":"https:\/\/prestige-e.com\/fr\/produit\/jeu-de-cartes-inary\/","title":{"rendered":"Jeu de cartes inary"},"content":{"rendered":"","protected":false},"excerpt":{"rendered":"<p>Ensemble de 10 cartes de la gamme nature, fabriqu\u00e9es en bois naturel avec finition vein\u00e9e et sp\u00e9cialement con\u00e7ues pour l&rsquo;impression laser. Pr\u00e9sent\u00e9es dans une bo\u00eete individuelle en carton kraft. <\/p>\n<p><strong><u>Dimension<\/u><\/strong> : 5,8 x 8,9 x 2 cm<\/p>\n<p><strong><u>Mat\u00e9riau<\/u><\/strong> : Bois<\/p>\n","protected":false},"featured_media":38719,"comment_status":"closed","ping_status":"closed","template":"","meta":{"inline_featured_image":false},"product_brand":[],"product_cat":[146,178,152,210],"product_tag":[],"class_list":{"0":"post-38716","1":"product","2":"type-product","3":"status-publish","4":"has-post-thumbnail","6":"product_cat-articles-de-bureau","7":"product_cat-bureau-articles-de-bureau","8":"product_cat-ecologie","9":"product_cat-espace-de-travail-ecologie","11":"first","12":"instock","13":"shipping-taxable","14":"purchasable","15":"product-type-simple"},"aioseo_notices":[],"_links":{"self":[{"href":"https:\/\/prestige-e.com\/fr\/wp-json\/wp\/v2\/product\/38716","targetHints":{"allow":["GET"]}}],"collection":[{"href":"https:\/\/prestige-e.com\/fr\/wp-json\/wp\/v2\/product"}],"about":[{"href":"https:\/\/prestige-e.com\/fr\/wp-json\/wp\/v2\/types\/product"}],"replies":[{"embeddable":true,"href":"https:\/\/prestige-e.com\/fr\/wp-json\/wp\/v2\/comments?post=38716"}],"wp:featuredmedia":[{"embeddable":true,"href":"https:\/\/prestige-e.com\/fr\/wp-json\/wp\/v2\/media\/38719"}],"wp:attachment":[{"href":"https:\/\/prestige-e.com\/fr\/wp-json\/wp\/v2\/media?parent=38716"}],"wp:term":[{"taxonomy":"product_brand","embeddable":true,"href":"https:\/\/prestige-e.com\/fr\/wp-json\/wp\/v2\/product_brand?post=38716"},{"taxonomy":"product_cat","embeddable":true,"href":"https:\/\/prestige-e.com\/fr\/wp-json\/wp\/v2\/product_cat?post=38716"},{"taxonomy":"product_tag","embeddable":true,"href":"https:\/\/prestige-e.com\/fr\/wp-json\/wp\/v2\/product_tag?post=38716"}],"curies":[{"name":"wp","href":"https:\/\/api.w.org\/{rel}","templated":true}]}}