{"id":38711,"date":"2023-03-14T09:51:51","date_gmt":"2023-03-14T08:51:51","guid":{"rendered":"https:\/\/prestige-e.com\/product\/marque-page-momo\/"},"modified":"2025-11-27T13:26:37","modified_gmt":"2025-11-27T12:26:37","slug":"marque-page-momo","status":"publish","type":"product","link":"https:\/\/prestige-e.com\/fr\/produit\/marque-page-momo\/","title":{"rendered":"Marque-page momo"},"content":{"rendered":"","protected":false},"excerpt":{"rendered":"<p>Marque-page de la gamme nature, unique et r\u00e9sistant, fabriqu\u00e9 en bambou avec un cordon en jute. La conscience \u00e9cologique combin\u00e9e au plaisir de la lecture. <\/p>\n<p><strong><u>Dimension<\/u><\/strong>&nbsp;: 4 x 13 x 0,2 cm<\/p>\n<p>Mat\u00e9riau: Bambou et ABS<\/p>\n","protected":false},"featured_media":38714,"comment_status":"closed","ping_status":"closed","template":"","meta":{"inline_featured_image":false},"product_brand":[],"product_cat":[146,178,152,210],"product_tag":[],"class_list":{"0":"post-38711","1":"product","2":"type-product","3":"status-publish","4":"has-post-thumbnail","6":"product_cat-articles-de-bureau","7":"product_cat-bureau-articles-de-bureau","8":"product_cat-ecologie","9":"product_cat-espace-de-travail-ecologie","11":"first","12":"instock","13":"shipping-taxable","14":"purchasable","15":"product-type-simple"},"aioseo_notices":[],"_links":{"self":[{"href":"https:\/\/prestige-e.com\/fr\/wp-json\/wp\/v2\/product\/38711","targetHints":{"allow":["GET"]}}],"collection":[{"href":"https:\/\/prestige-e.com\/fr\/wp-json\/wp\/v2\/product"}],"about":[{"href":"https:\/\/prestige-e.com\/fr\/wp-json\/wp\/v2\/types\/product"}],"replies":[{"embeddable":true,"href":"https:\/\/prestige-e.com\/fr\/wp-json\/wp\/v2\/comments?post=38711"}],"wp:featuredmedia":[{"embeddable":true,"href":"https:\/\/prestige-e.com\/fr\/wp-json\/wp\/v2\/media\/38714"}],"wp:attachment":[{"href":"https:\/\/prestige-e.com\/fr\/wp-json\/wp\/v2\/media?parent=38711"}],"wp:term":[{"taxonomy":"product_brand","embeddable":true,"href":"https:\/\/prestige-e.com\/fr\/wp-json\/wp\/v2\/product_brand?post=38711"},{"taxonomy":"product_cat","embeddable":true,"href":"https:\/\/prestige-e.com\/fr\/wp-json\/wp\/v2\/product_cat?post=38711"},{"taxonomy":"product_tag","embeddable":true,"href":"https:\/\/prestige-e.com\/fr\/wp-json\/wp\/v2\/product_tag?post=38711"}],"curies":[{"name":"wp","href":"https:\/\/api.w.org\/{rel}","templated":true}]}}