{"id":38705,"date":"2023-03-14T09:45:27","date_gmt":"2023-03-14T08:45:27","guid":{"rendered":"https:\/\/prestige-e.com\/product\/carnet-a5-fabrique-dans-lue\/"},"modified":"2025-11-27T13:26:37","modified_gmt":"2025-11-27T12:26:37","slug":"carnet-a5-fabrique-dans-lue","status":"publish","type":"product","link":"https:\/\/prestige-e.com\/fr\/produit\/carnet-a5-fabrique-dans-lue\/","title":{"rendered":"Carnet A5 fabriqu\u00e9 dans l&rsquo;UE"},"content":{"rendered":"","protected":false},"excerpt":{"rendered":"<p>Carnet A5 avec couverture rigide en carton recycl\u00e9. Reli\u00e9. 200 pages lign\u00e9es en papier recycl\u00e9 (100 feuilles\/80 g\/m\u00b2). Fermeture \u00e9lastique et marque-page en ruban. Fabriqu\u00e9 dans l&rsquo;UE.    <\/p>\n<p><strong><u>Dimensions<\/u><\/strong> : 22 x 15,5 x 1,3 cm<\/p>\n<p><strong><u>Mat\u00e9riau<\/u><\/strong> : papier recycl\u00e9<\/p>\n","protected":false},"featured_media":38710,"comment_status":"closed","ping_status":"closed","template":"","meta":{"inline_featured_image":false},"product_brand":[],"product_cat":[146,147],"product_tag":[],"class_list":{"0":"post-38705","1":"product","2":"type-product","3":"status-publish","4":"has-post-thumbnail","6":"product_cat-articles-de-bureau","7":"product_cat-carnet-articles-de-bureau","9":"first","10":"instock","11":"shipping-taxable","12":"purchasable","13":"product-type-simple"},"aioseo_notices":[],"_links":{"self":[{"href":"https:\/\/prestige-e.com\/fr\/wp-json\/wp\/v2\/product\/38705","targetHints":{"allow":["GET"]}}],"collection":[{"href":"https:\/\/prestige-e.com\/fr\/wp-json\/wp\/v2\/product"}],"about":[{"href":"https:\/\/prestige-e.com\/fr\/wp-json\/wp\/v2\/types\/product"}],"replies":[{"embeddable":true,"href":"https:\/\/prestige-e.com\/fr\/wp-json\/wp\/v2\/comments?post=38705"}],"wp:featuredmedia":[{"embeddable":true,"href":"https:\/\/prestige-e.com\/fr\/wp-json\/wp\/v2\/media\/38710"}],"wp:attachment":[{"href":"https:\/\/prestige-e.com\/fr\/wp-json\/wp\/v2\/media?parent=38705"}],"wp:term":[{"taxonomy":"product_brand","embeddable":true,"href":"https:\/\/prestige-e.com\/fr\/wp-json\/wp\/v2\/product_brand?post=38705"},{"taxonomy":"product_cat","embeddable":true,"href":"https:\/\/prestige-e.com\/fr\/wp-json\/wp\/v2\/product_cat?post=38705"},{"taxonomy":"product_tag","embeddable":true,"href":"https:\/\/prestige-e.com\/fr\/wp-json\/wp\/v2\/product_tag?post=38705"}],"curies":[{"name":"wp","href":"https:\/\/api.w.org\/{rel}","templated":true}]}}