{"id":38704,"date":"2023-03-14T10:19:57","date_gmt":"2023-03-14T09:19:57","guid":{"rendered":"https:\/\/prestige-e.com\/product\/masseur-avati\/"},"modified":"2025-11-27T13:26:35","modified_gmt":"2025-11-27T12:26:35","slug":"masseur-avati","status":"publish","type":"product","link":"https:\/\/prestige-e.com\/fr\/produit\/masseur-avati\/","title":{"rendered":"Masseur avati"},"content":{"rendered":"","protected":false},"excerpt":{"rendered":"<p>Masseur en bois naturel. Con\u00e7u pour apporter soulagement et bien-\u00eatre. Sa poign\u00e9e ergonomique assure une prise en main confortable, tandis que ses quatre billes en bois sont efficaces et procurent un massage revitalisant, lib\u00e9rant les tensions musculaires. Pr\u00e9sent\u00e9 dans une bo\u00eete design individuelle en kraft.   <\/p>\n<p><strong><u>Dimensions<\/u><\/strong> : 12 x 9 x 10 cm<\/p>\n<p><strong><u>Mat\u00e9riau<\/u><\/strong> : Bois<\/p>\n","protected":false},"featured_media":38707,"comment_status":"closed","ping_status":"closed","template":"","meta":{"inline_featured_image":false},"product_brand":[],"product_cat":[174,211,152,182],"product_tag":[],"class_list":{"0":"post-38704","1":"product","2":"type-product","3":"status-publish","4":"has-post-thumbnail","6":"product_cat-art-de-vivre","7":"product_cat-articles-pour-la-maison-ecologie","8":"product_cat-ecologie","9":"product_cat-salle-de-bain-art-de-vivre","11":"first","12":"instock","13":"shipping-taxable","14":"purchasable","15":"product-type-simple"},"aioseo_notices":[],"_links":{"self":[{"href":"https:\/\/prestige-e.com\/fr\/wp-json\/wp\/v2\/product\/38704","targetHints":{"allow":["GET"]}}],"collection":[{"href":"https:\/\/prestige-e.com\/fr\/wp-json\/wp\/v2\/product"}],"about":[{"href":"https:\/\/prestige-e.com\/fr\/wp-json\/wp\/v2\/types\/product"}],"replies":[{"embeddable":true,"href":"https:\/\/prestige-e.com\/fr\/wp-json\/wp\/v2\/comments?post=38704"}],"wp:featuredmedia":[{"embeddable":true,"href":"https:\/\/prestige-e.com\/fr\/wp-json\/wp\/v2\/media\/38707"}],"wp:attachment":[{"href":"https:\/\/prestige-e.com\/fr\/wp-json\/wp\/v2\/media?parent=38704"}],"wp:term":[{"taxonomy":"product_brand","embeddable":true,"href":"https:\/\/prestige-e.com\/fr\/wp-json\/wp\/v2\/product_brand?post=38704"},{"taxonomy":"product_cat","embeddable":true,"href":"https:\/\/prestige-e.com\/fr\/wp-json\/wp\/v2\/product_cat?post=38704"},{"taxonomy":"product_tag","embeddable":true,"href":"https:\/\/prestige-e.com\/fr\/wp-json\/wp\/v2\/product_tag?post=38704"}],"curies":[{"name":"wp","href":"https:\/\/api.w.org\/{rel}","templated":true}]}}