{"id":38697,"date":"2023-03-14T09:43:05","date_gmt":"2023-03-14T08:43:05","guid":{"rendered":"https:\/\/prestige-e.com\/product\/carnet-avec-couverture-en-pu\/"},"modified":"2025-11-27T13:26:37","modified_gmt":"2025-11-27T12:26:37","slug":"carnet-avec-couverture-en-pu","status":"publish","type":"product","link":"https:\/\/prestige-e.com\/fr\/produit\/carnet-avec-couverture-en-pu\/","title":{"rendered":"Carnet avec couverture en PU"},"content":{"rendered":"","protected":false},"excerpt":{"rendered":"<p>Carnet A5 avec couverture en PU compos\u00e9e de 70 % de cuir recycl\u00e9 pr\u00e9-consommation et 30 % de latex. Reliure cartonn\u00e9e. 192 pages lign\u00e9es en papier recycl\u00e9 (96 feuilles). Fermeture \u00e9lastique en coton assortie et porte-stylo.   <\/p>\n<p><strong><u>Dimensions<\/u><\/strong> : 21,2 x 14,6 x 1,6 cm<\/p>\n<p><strong><u>Mat\u00e9riau<\/u><\/strong> : Papier recycl\u00e9 et PU<\/p>\n","protected":false},"featured_media":38700,"comment_status":"closed","ping_status":"closed","template":"","meta":{"inline_featured_image":false},"product_brand":[],"product_cat":[146,147],"product_tag":[],"class_list":{"0":"post-38697","1":"product","2":"type-product","3":"status-publish","4":"has-post-thumbnail","6":"product_cat-articles-de-bureau","7":"product_cat-carnet-articles-de-bureau","9":"first","10":"instock","11":"shipping-taxable","12":"purchasable","13":"product-type-simple"},"aioseo_notices":[],"_links":{"self":[{"href":"https:\/\/prestige-e.com\/fr\/wp-json\/wp\/v2\/product\/38697","targetHints":{"allow":["GET"]}}],"collection":[{"href":"https:\/\/prestige-e.com\/fr\/wp-json\/wp\/v2\/product"}],"about":[{"href":"https:\/\/prestige-e.com\/fr\/wp-json\/wp\/v2\/types\/product"}],"replies":[{"embeddable":true,"href":"https:\/\/prestige-e.com\/fr\/wp-json\/wp\/v2\/comments?post=38697"}],"wp:featuredmedia":[{"embeddable":true,"href":"https:\/\/prestige-e.com\/fr\/wp-json\/wp\/v2\/media\/38700"}],"wp:attachment":[{"href":"https:\/\/prestige-e.com\/fr\/wp-json\/wp\/v2\/media?parent=38697"}],"wp:term":[{"taxonomy":"product_brand","embeddable":true,"href":"https:\/\/prestige-e.com\/fr\/wp-json\/wp\/v2\/product_brand?post=38697"},{"taxonomy":"product_cat","embeddable":true,"href":"https:\/\/prestige-e.com\/fr\/wp-json\/wp\/v2\/product_cat?post=38697"},{"taxonomy":"product_tag","embeddable":true,"href":"https:\/\/prestige-e.com\/fr\/wp-json\/wp\/v2\/product_tag?post=38697"}],"curies":[{"name":"wp","href":"https:\/\/api.w.org\/{rel}","templated":true}]}}