{"id":38696,"date":"2023-03-14T10:09:56","date_gmt":"2023-03-14T09:09:56","guid":{"rendered":"https:\/\/prestige-e.com\/product\/organisateur-brajil\/"},"modified":"2025-11-27T13:26:36","modified_gmt":"2025-11-27T12:26:36","slug":"organisateur-brajil","status":"publish","type":"product","link":"https:\/\/prestige-e.com\/fr\/produit\/organisateur-brajil\/","title":{"rendered":"Organisateur brajil"},"content":{"rendered":"","protected":false},"excerpt":{"rendered":"<p>Organisateur de la ligne Nature fabriqu\u00e9 en bambou et en feutre RPET. Avec fonction de support pour smartphone, plusieurs compartiments de rangement suppl\u00e9mentaires et une grande surface d&rsquo;impression. Avec la particularit\u00e9 du feutre RPET et pr\u00e9sent\u00e9 dans une bo\u00eete individuelle au design kraft. Le feutre RPET est le r\u00e9sultat de la combinaison des processus de recyclage des mat\u00e9riaux plastiques avec la technique mill\u00e9naire de fabrication du feutre, donnant naissance \u00e0 un mat\u00e9riau \u00e9co-tendance qui, en plus d&rsquo;\u00eatre d&rsquo;origine recycl\u00e9e, devient \u00e9galement recyclable.   <\/p>\n<p><strong><u>Dimension<\/u><\/strong> : 20 x 2 x 10 cm<\/p>\n<p><strong><u>Mat\u00e9riau<\/u><\/strong> : bambou et feutre RPET<\/p>\n","protected":false},"featured_media":38701,"comment_status":"closed","ping_status":"closed","template":"","meta":{"inline_featured_image":false},"product_brand":[],"product_cat":[146,178,152,210],"product_tag":[],"class_list":{"0":"post-38696","1":"product","2":"type-product","3":"status-publish","4":"has-post-thumbnail","6":"product_cat-articles-de-bureau","7":"product_cat-bureau-articles-de-bureau","8":"product_cat-ecologie","9":"product_cat-espace-de-travail-ecologie","11":"first","12":"instock","13":"shipping-taxable","14":"purchasable","15":"product-type-simple"},"aioseo_notices":[],"_links":{"self":[{"href":"https:\/\/prestige-e.com\/fr\/wp-json\/wp\/v2\/product\/38696","targetHints":{"allow":["GET"]}}],"collection":[{"href":"https:\/\/prestige-e.com\/fr\/wp-json\/wp\/v2\/product"}],"about":[{"href":"https:\/\/prestige-e.com\/fr\/wp-json\/wp\/v2\/types\/product"}],"replies":[{"embeddable":true,"href":"https:\/\/prestige-e.com\/fr\/wp-json\/wp\/v2\/comments?post=38696"}],"wp:featuredmedia":[{"embeddable":true,"href":"https:\/\/prestige-e.com\/fr\/wp-json\/wp\/v2\/media\/38701"}],"wp:attachment":[{"href":"https:\/\/prestige-e.com\/fr\/wp-json\/wp\/v2\/media?parent=38696"}],"wp:term":[{"taxonomy":"product_brand","embeddable":true,"href":"https:\/\/prestige-e.com\/fr\/wp-json\/wp\/v2\/product_brand?post=38696"},{"taxonomy":"product_cat","embeddable":true,"href":"https:\/\/prestige-e.com\/fr\/wp-json\/wp\/v2\/product_cat?post=38696"},{"taxonomy":"product_tag","embeddable":true,"href":"https:\/\/prestige-e.com\/fr\/wp-json\/wp\/v2\/product_tag?post=38696"}],"curies":[{"name":"wp","href":"https:\/\/api.w.org\/{rel}","templated":true}]}}