{"id":38693,"date":"2023-03-14T10:49:40","date_gmt":"2023-03-14T09:49:40","guid":{"rendered":"https:\/\/prestige-e.com\/product\/metre-ruban-en-plastique-recycle-rcs-5m-19-mm\/"},"modified":"2025-11-27T13:26:34","modified_gmt":"2025-11-27T12:26:34","slug":"metre-ruban-en-plastique-recycle-rcs-5m-19-mm","status":"publish","type":"product","link":"https:\/\/prestige-e.com\/fr\/produit\/metre-ruban-en-plastique-recycle-rcs-5m-19-mm\/","title":{"rendered":"M\u00e8tre ruban en plastique recycl\u00e9 RCS 5M\/19 mm"},"content":{"rendered":"","protected":false},"excerpt":{"rendered":"<p>M\u00e8tre ruban de 5 m\u00e8tres fabriqu\u00e9 avec de l&rsquo;ABS recycl\u00e9 certifi\u00e9 RCS. Contenu total recycl\u00e9 : 17 % du poids total de l&rsquo;article. La certification RCS garantit une cha\u00eene d&rsquo;approvisionnement enti\u00e8rement certifi\u00e9e des mat\u00e9riaux recycl\u00e9s. Avec une prise en caoutchouc TRP de luxe pour une adh\u00e9rence douce. Avec bouton de verrouillage\/d\u00e9verrouillage. Avec un ruban unilat\u00e9ral de 19 mm, jaune avec crochet en acier au carbone noir. Avec dragonne en polyester      <\/p>\n<p><strong>Minimum order quantity required for this product:<\/strong><\/p>\n<div class=\"woocommerce-product-details__short-description\">\n<p>&nbsp;<\/p>\n<\/div>\n<div class=\"quantity\"><\/div>\n","protected":false},"featured_media":38694,"comment_status":"closed","ping_status":"closed","template":"","meta":{"inline_featured_image":false},"product_brand":[],"product_cat":[146],"product_tag":[],"class_list":{"0":"post-38693","1":"product","2":"type-product","3":"status-publish","4":"has-post-thumbnail","6":"product_cat-articles-de-bureau","8":"first","9":"instock","10":"shipping-taxable","11":"purchasable","12":"product-type-simple"},"aioseo_notices":[],"_links":{"self":[{"href":"https:\/\/prestige-e.com\/fr\/wp-json\/wp\/v2\/product\/38693","targetHints":{"allow":["GET"]}}],"collection":[{"href":"https:\/\/prestige-e.com\/fr\/wp-json\/wp\/v2\/product"}],"about":[{"href":"https:\/\/prestige-e.com\/fr\/wp-json\/wp\/v2\/types\/product"}],"replies":[{"embeddable":true,"href":"https:\/\/prestige-e.com\/fr\/wp-json\/wp\/v2\/comments?post=38693"}],"wp:featuredmedia":[{"embeddable":true,"href":"https:\/\/prestige-e.com\/fr\/wp-json\/wp\/v2\/media\/38694"}],"wp:attachment":[{"href":"https:\/\/prestige-e.com\/fr\/wp-json\/wp\/v2\/media?parent=38693"}],"wp:term":[{"taxonomy":"product_brand","embeddable":true,"href":"https:\/\/prestige-e.com\/fr\/wp-json\/wp\/v2\/product_brand?post=38693"},{"taxonomy":"product_cat","embeddable":true,"href":"https:\/\/prestige-e.com\/fr\/wp-json\/wp\/v2\/product_cat?post=38693"},{"taxonomy":"product_tag","embeddable":true,"href":"https:\/\/prestige-e.com\/fr\/wp-json\/wp\/v2\/product_tag?post=38693"}],"curies":[{"name":"wp","href":"https:\/\/api.w.org\/{rel}","templated":true}]}}