{"id":38690,"date":"2023-03-14T10:48:27","date_gmt":"2023-03-14T09:48:27","guid":{"rendered":"https:\/\/prestige-e.com\/product\/tria\/"},"modified":"2025-11-27T13:26:34","modified_gmt":"2025-11-27T12:26:34","slug":"tria","status":"publish","type":"product","link":"https:\/\/prestige-e.com\/fr\/produit\/tria\/","title":{"rendered":"Tria"},"content":{"rendered":"","protected":false},"excerpt":{"rendered":"<div class=\"description-wrapper \">\n<p class=\"description \">R\u00e8gle d&rsquo;architecte triangulaire en aluminium de 30 cm. 3 faces et 5 \u00e9chelles de mesure diff\u00e9rentes 1:20;1:25;1:50;1:75;1:100. <\/p>\n<\/div>\n<div class=\"outer-price-container\">\n<div class=\"inner-price-container\">\n<div class=\"pdp-price-wrapper\">\n<div class=\"current-price\">\n<div class=\"price-wrapper\">\n<div class=\"woocommerce-product-details__short-description\">\n<p><strong>Minimum order quantity required for this product:<\/strong><\/p>\n<\/div>\n<div class=\"quantity\"><\/div>\n<\/div>\n<\/div>\n<\/div>\n<\/div>\n<\/div>\n","protected":false},"featured_media":38691,"comment_status":"closed","ping_status":"closed","template":"","meta":{"inline_featured_image":false},"product_brand":[],"product_cat":[146],"product_tag":[],"class_list":{"0":"post-38690","1":"product","2":"type-product","3":"status-publish","4":"has-post-thumbnail","6":"product_cat-articles-de-bureau","8":"first","9":"instock","10":"shipping-taxable","11":"purchasable","12":"product-type-simple"},"aioseo_notices":[],"_links":{"self":[{"href":"https:\/\/prestige-e.com\/fr\/wp-json\/wp\/v2\/product\/38690","targetHints":{"allow":["GET"]}}],"collection":[{"href":"https:\/\/prestige-e.com\/fr\/wp-json\/wp\/v2\/product"}],"about":[{"href":"https:\/\/prestige-e.com\/fr\/wp-json\/wp\/v2\/types\/product"}],"replies":[{"embeddable":true,"href":"https:\/\/prestige-e.com\/fr\/wp-json\/wp\/v2\/comments?post=38690"}],"wp:featuredmedia":[{"embeddable":true,"href":"https:\/\/prestige-e.com\/fr\/wp-json\/wp\/v2\/media\/38691"}],"wp:attachment":[{"href":"https:\/\/prestige-e.com\/fr\/wp-json\/wp\/v2\/media?parent=38690"}],"wp:term":[{"taxonomy":"product_brand","embeddable":true,"href":"https:\/\/prestige-e.com\/fr\/wp-json\/wp\/v2\/product_brand?post=38690"},{"taxonomy":"product_cat","embeddable":true,"href":"https:\/\/prestige-e.com\/fr\/wp-json\/wp\/v2\/product_cat?post=38690"},{"taxonomy":"product_tag","embeddable":true,"href":"https:\/\/prestige-e.com\/fr\/wp-json\/wp\/v2\/product_tag?post=38690"}],"curies":[{"name":"wp","href":"https:\/\/api.w.org\/{rel}","templated":true}]}}