{"id":38687,"date":"2023-03-14T10:18:13","date_gmt":"2023-03-14T09:18:13","guid":{"rendered":"https:\/\/prestige-e.com\/product\/stylo-en-bambou\/"},"modified":"2025-11-27T13:26:35","modified_gmt":"2025-11-27T12:26:35","slug":"stylo-en-bambou","status":"publish","type":"product","link":"https:\/\/prestige-e.com\/fr\/produit\/stylo-en-bambou\/","title":{"rendered":"Stylo en bambou"},"content":{"rendered":"","protected":false},"excerpt":{"rendered":"<p>Stylo sans encre \u00e0 bouton-poussoir longue dur\u00e9e avec corps en bambou et finitions chrom\u00e9es brillantes. Le stylo \u00e9crit avec la pointe en graphite. Le bambou \u00e9tant un produit naturel, il peut y avoir de l\u00e9g\u00e8res variations de couleur et de taille par article, ce qui peut affecter le r\u00e9sultat final de la d\u00e9coration. Certifi\u00e9 FSC\u00ae | FSC 100 %, N5.7, FSC-C213206   <\/p>\n<p><strong><u>Dimension<\/u><\/strong> : 13,5 x 1,1 cm<\/p>\n<p>Mat\u00e9riau: Bambou et ABS<\/p>\n","protected":false},"featured_media":38689,"comment_status":"closed","ping_status":"closed","template":"","meta":{"inline_featured_image":false},"product_brand":[],"product_cat":[146,178,152,210],"product_tag":[],"class_list":{"0":"post-38687","1":"product","2":"type-product","3":"status-publish","4":"has-post-thumbnail","6":"product_cat-articles-de-bureau","7":"product_cat-bureau-articles-de-bureau","8":"product_cat-ecologie","9":"product_cat-espace-de-travail-ecologie","11":"first","12":"instock","13":"shipping-taxable","14":"purchasable","15":"product-type-simple"},"aioseo_notices":[],"_links":{"self":[{"href":"https:\/\/prestige-e.com\/fr\/wp-json\/wp\/v2\/product\/38687","targetHints":{"allow":["GET"]}}],"collection":[{"href":"https:\/\/prestige-e.com\/fr\/wp-json\/wp\/v2\/product"}],"about":[{"href":"https:\/\/prestige-e.com\/fr\/wp-json\/wp\/v2\/types\/product"}],"replies":[{"embeddable":true,"href":"https:\/\/prestige-e.com\/fr\/wp-json\/wp\/v2\/comments?post=38687"}],"wp:featuredmedia":[{"embeddable":true,"href":"https:\/\/prestige-e.com\/fr\/wp-json\/wp\/v2\/media\/38689"}],"wp:attachment":[{"href":"https:\/\/prestige-e.com\/fr\/wp-json\/wp\/v2\/media?parent=38687"}],"wp:term":[{"taxonomy":"product_brand","embeddable":true,"href":"https:\/\/prestige-e.com\/fr\/wp-json\/wp\/v2\/product_brand?post=38687"},{"taxonomy":"product_cat","embeddable":true,"href":"https:\/\/prestige-e.com\/fr\/wp-json\/wp\/v2\/product_cat?post=38687"},{"taxonomy":"product_tag","embeddable":true,"href":"https:\/\/prestige-e.com\/fr\/wp-json\/wp\/v2\/product_tag?post=38687"}],"curies":[{"name":"wp","href":"https:\/\/api.w.org\/{rel}","templated":true}]}}