{"id":38679,"date":"2022-02-04T10:42:25","date_gmt":"2022-02-04T09:42:25","guid":{"rendered":"https:\/\/prestige-e.com\/product\/kidylight-grande-veilleuse-portable-en-forme-de-koala\/"},"modified":"2025-11-27T13:26:58","modified_gmt":"2025-11-27T12:26:58","slug":"kidylight-grande-veilleuse-portable-en-forme-de-koala","status":"publish","type":"product","link":"https:\/\/prestige-e.com\/fr\/produit\/kidylight-grande-veilleuse-portable-en-forme-de-koala\/","title":{"rendered":"Kidylight &#8211; grande veilleuse portable en forme de koala"},"content":{"rendered":"","protected":false},"excerpt":{"rendered":"<p>KIDYNIGHT est une veilleuse en forme de koala avec une fonction tactile permettant de s\u00e9lectionner parmi 6 intensit\u00e9s lumineuses diff\u00e9rentes, selon vos besoins. La minuterie \u00e9teint le koala apr\u00e8s 30, 60 ou 240 minutes. Il se recharge via USB et n\u00e9cessite environ 12 heures pour une charge compl\u00e8te.  <\/p>\n<p><strong><u>Dimension<\/u><\/strong> : H 30 cm<\/p>\n<p><strong><u>Mat\u00e9riau<\/u><\/strong> : silicone souple<\/p>\n","protected":false},"featured_media":38682,"comment_status":"closed","ping_status":"closed","template":"","meta":{"inline_featured_image":false},"product_brand":[],"product_cat":[179],"product_tag":[],"class_list":{"0":"post-38679","1":"product","2":"type-product","3":"status-publish","4":"has-post-thumbnail","6":"product_cat-jeux-jouet-art-de-vivre","8":"first","9":"instock","10":"shipping-taxable","11":"purchasable","12":"product-type-simple"},"aioseo_notices":[],"_links":{"self":[{"href":"https:\/\/prestige-e.com\/fr\/wp-json\/wp\/v2\/product\/38679","targetHints":{"allow":["GET"]}}],"collection":[{"href":"https:\/\/prestige-e.com\/fr\/wp-json\/wp\/v2\/product"}],"about":[{"href":"https:\/\/prestige-e.com\/fr\/wp-json\/wp\/v2\/types\/product"}],"replies":[{"embeddable":true,"href":"https:\/\/prestige-e.com\/fr\/wp-json\/wp\/v2\/comments?post=38679"}],"wp:featuredmedia":[{"embeddable":true,"href":"https:\/\/prestige-e.com\/fr\/wp-json\/wp\/v2\/media\/38682"}],"wp:attachment":[{"href":"https:\/\/prestige-e.com\/fr\/wp-json\/wp\/v2\/media?parent=38679"}],"wp:term":[{"taxonomy":"product_brand","embeddable":true,"href":"https:\/\/prestige-e.com\/fr\/wp-json\/wp\/v2\/product_brand?post=38679"},{"taxonomy":"product_cat","embeddable":true,"href":"https:\/\/prestige-e.com\/fr\/wp-json\/wp\/v2\/product_cat?post=38679"},{"taxonomy":"product_tag","embeddable":true,"href":"https:\/\/prestige-e.com\/fr\/wp-json\/wp\/v2\/product_tag?post=38679"}],"curies":[{"name":"wp","href":"https:\/\/api.w.org\/{rel}","templated":true}]}}