{"id":38678,"date":"2023-03-14T10:55:35","date_gmt":"2023-03-14T09:55:35","guid":{"rendered":"https:\/\/prestige-e.com\/product\/lannycot\/"},"modified":"2025-11-27T13:26:34","modified_gmt":"2025-11-27T12:26:34","slug":"lannycot","status":"publish","type":"product","link":"https:\/\/prestige-e.com\/fr\/produit\/lannycot\/","title":{"rendered":"Lannycot"},"content":{"rendered":"","protected":false},"excerpt":{"rendered":"<div class=\"description-wrapper \">\n<div class=\"woocommerce-product-details__short-description\">\n<p>Longe en coton avec crochet en m\u00e9tal, boucle d\u00e9tachable et dispositif de s\u00e9curit\u00e9 anti-\u00e9tranglement. Largeur&nbsp;: 20&nbsp;mm. <\/p>\n<p><strong><u>Dimension<\/u><\/strong>&nbsp;: 2 x 56 cm<\/p>\n<p><strong><u>Mat\u00e9riau<\/u><\/strong> : coton<\/p>\n<\/div>\n<\/div>\n","protected":false},"featured_media":38680,"comment_status":"closed","ping_status":"closed","template":"","meta":{"inline_featured_image":false},"product_brand":[],"product_cat":[146,178],"product_tag":[],"class_list":{"0":"post-38678","1":"product","2":"type-product","3":"status-publish","4":"has-post-thumbnail","6":"product_cat-articles-de-bureau","7":"product_cat-bureau-articles-de-bureau","9":"first","10":"instock","11":"shipping-taxable","12":"purchasable","13":"product-type-simple"},"aioseo_notices":[],"_links":{"self":[{"href":"https:\/\/prestige-e.com\/fr\/wp-json\/wp\/v2\/product\/38678","targetHints":{"allow":["GET"]}}],"collection":[{"href":"https:\/\/prestige-e.com\/fr\/wp-json\/wp\/v2\/product"}],"about":[{"href":"https:\/\/prestige-e.com\/fr\/wp-json\/wp\/v2\/types\/product"}],"replies":[{"embeddable":true,"href":"https:\/\/prestige-e.com\/fr\/wp-json\/wp\/v2\/comments?post=38678"}],"wp:featuredmedia":[{"embeddable":true,"href":"https:\/\/prestige-e.com\/fr\/wp-json\/wp\/v2\/media\/38680"}],"wp:attachment":[{"href":"https:\/\/prestige-e.com\/fr\/wp-json\/wp\/v2\/media?parent=38678"}],"wp:term":[{"taxonomy":"product_brand","embeddable":true,"href":"https:\/\/prestige-e.com\/fr\/wp-json\/wp\/v2\/product_brand?post=38678"},{"taxonomy":"product_cat","embeddable":true,"href":"https:\/\/prestige-e.com\/fr\/wp-json\/wp\/v2\/product_cat?post=38678"},{"taxonomy":"product_tag","embeddable":true,"href":"https:\/\/prestige-e.com\/fr\/wp-json\/wp\/v2\/product_tag?post=38678"}],"curies":[{"name":"wp","href":"https:\/\/api.w.org\/{rel}","templated":true}]}}