{"id":38672,"date":"2022-02-04T08:37:54","date_gmt":"2022-02-04T07:37:54","guid":{"rendered":"https:\/\/prestige-e.com\/product\/madagascar-set-dautocollants-avec-six-feuilles\/"},"modified":"2025-11-27T13:26:59","modified_gmt":"2025-11-27T12:26:59","slug":"madagascar-set-dautocollants-avec-six-feuilles","status":"publish","type":"product","link":"https:\/\/prestige-e.com\/fr\/produit\/madagascar-set-dautocollants-avec-six-feuilles\/","title":{"rendered":"MADAGASCAR. Set d&rsquo;autocollants avec six feuilles"},"content":{"rendered":"","protected":false},"excerpt":{"rendered":"<p>Set d&rsquo;autocollants compos\u00e9 de six feuilles avec des figurines d&rsquo;animaux \u00e0 d\u00e9corer : singe, \u00e2ne, girafe, \u00e9l\u00e9phant, vache et panda. Avec plus de 60 autocollants pour s&rsquo;amuser. Pages : 140 x 210 mm | En-t\u00eate en carton : 165 x 50 mm  <\/p>\n<p><strong><u>Dimension<\/u><\/strong> : 16,5 \u00d7 5 cm<\/p>\n","protected":false},"featured_media":38674,"comment_status":"closed","ping_status":"closed","template":"","meta":{"inline_featured_image":false},"product_brand":[],"product_cat":[179],"product_tag":[],"class_list":{"0":"post-38672","1":"product","2":"type-product","3":"status-publish","4":"has-post-thumbnail","6":"product_cat-jeux-jouet-art-de-vivre","8":"first","9":"instock","10":"shipping-taxable","11":"purchasable","12":"product-type-simple"},"aioseo_notices":[],"_links":{"self":[{"href":"https:\/\/prestige-e.com\/fr\/wp-json\/wp\/v2\/product\/38672","targetHints":{"allow":["GET"]}}],"collection":[{"href":"https:\/\/prestige-e.com\/fr\/wp-json\/wp\/v2\/product"}],"about":[{"href":"https:\/\/prestige-e.com\/fr\/wp-json\/wp\/v2\/types\/product"}],"replies":[{"embeddable":true,"href":"https:\/\/prestige-e.com\/fr\/wp-json\/wp\/v2\/comments?post=38672"}],"wp:featuredmedia":[{"embeddable":true,"href":"https:\/\/prestige-e.com\/fr\/wp-json\/wp\/v2\/media\/38674"}],"wp:attachment":[{"href":"https:\/\/prestige-e.com\/fr\/wp-json\/wp\/v2\/media?parent=38672"}],"wp:term":[{"taxonomy":"product_brand","embeddable":true,"href":"https:\/\/prestige-e.com\/fr\/wp-json\/wp\/v2\/product_brand?post=38672"},{"taxonomy":"product_cat","embeddable":true,"href":"https:\/\/prestige-e.com\/fr\/wp-json\/wp\/v2\/product_cat?post=38672"},{"taxonomy":"product_tag","embeddable":true,"href":"https:\/\/prestige-e.com\/fr\/wp-json\/wp\/v2\/product_tag?post=38672"}],"curies":[{"name":"wp","href":"https:\/\/api.w.org\/{rel}","templated":true}]}}