{"id":38669,"date":"2022-02-04T08:25:32","date_gmt":"2022-02-04T07:25:32","guid":{"rendered":"https:\/\/prestige-e.com\/product\/baggy\/"},"modified":"2025-11-27T13:26:59","modified_gmt":"2025-11-27T12:26:59","slug":"baggy","status":"publish","type":"product","link":"https:\/\/prestige-e.com\/fr\/produit\/baggy\/","title":{"rendered":"Baggy"},"content":{"rendered":"","protected":false},"excerpt":{"rendered":"<p>Jeu de lancer de sacs de sable double face et jeu de tic-tac-toe. Ce jeu, commun\u00e9ment appel\u00e9 Cornhole, est originaire d&rsquo;Am\u00e9rique du Nord. Il se joue principalement \u00e0 l&rsquo;ext\u00e9rieur, mais peut se jouer \u00e0 l&rsquo;int\u00e9rieur s&rsquo;il y a suffisamment d&rsquo;espace. La planche est l\u00e9g\u00e8rement inclin\u00e9e et comporte un trou. Le but est de lancer les petits sacs dans ce trou \u00e0 distance. Chaque fois qu&rsquo;il entre, vous marquez des points. La personne qui a le plus de points \u00e0 la fin ou la premi\u00e8re \u00e0 atteindre un nombre sp\u00e9cifique de points gagne. Retournez la planche pour jouer \u00e0 un jeu classique de tic-tac-toe. Comprend une planche en MDF et 8 sacs de lancer. FSC 100 % | L15.2 | FSC-C213206         <\/p>\n<p><strong><u>Dimension<\/u><\/strong>&nbsp;: 51 x 31 x 3,8 cm<\/p>\n<p><strong><u>Mat\u00e9riau<\/u><\/strong>&nbsp;: MDF<\/p>\n","protected":false},"featured_media":38670,"comment_status":"closed","ping_status":"closed","template":"","meta":{"inline_featured_image":false},"product_brand":[],"product_cat":[179],"product_tag":[],"class_list":{"0":"post-38669","1":"product","2":"type-product","3":"status-publish","4":"has-post-thumbnail","6":"product_cat-jeux-jouet-art-de-vivre","8":"first","9":"instock","10":"shipping-taxable","11":"purchasable","12":"product-type-simple"},"aioseo_notices":[],"_links":{"self":[{"href":"https:\/\/prestige-e.com\/fr\/wp-json\/wp\/v2\/product\/38669","targetHints":{"allow":["GET"]}}],"collection":[{"href":"https:\/\/prestige-e.com\/fr\/wp-json\/wp\/v2\/product"}],"about":[{"href":"https:\/\/prestige-e.com\/fr\/wp-json\/wp\/v2\/types\/product"}],"replies":[{"embeddable":true,"href":"https:\/\/prestige-e.com\/fr\/wp-json\/wp\/v2\/comments?post=38669"}],"wp:featuredmedia":[{"embeddable":true,"href":"https:\/\/prestige-e.com\/fr\/wp-json\/wp\/v2\/media\/38670"}],"wp:attachment":[{"href":"https:\/\/prestige-e.com\/fr\/wp-json\/wp\/v2\/media?parent=38669"}],"wp:term":[{"taxonomy":"product_brand","embeddable":true,"href":"https:\/\/prestige-e.com\/fr\/wp-json\/wp\/v2\/product_brand?post=38669"},{"taxonomy":"product_cat","embeddable":true,"href":"https:\/\/prestige-e.com\/fr\/wp-json\/wp\/v2\/product_cat?post=38669"},{"taxonomy":"product_tag","embeddable":true,"href":"https:\/\/prestige-e.com\/fr\/wp-json\/wp\/v2\/product_tag?post=38669"}],"curies":[{"name":"wp","href":"https:\/\/api.w.org\/{rel}","templated":true}]}}