{"id":38666,"date":"2022-02-03T14:13:41","date_gmt":"2022-02-03T13:13:41","guid":{"rendered":"https:\/\/prestige-e.com\/product\/casque-sans-fil-de-securite-motorola-jr-300-pour-enfants\/"},"modified":"2025-11-27T13:26:59","modified_gmt":"2025-11-27T12:26:59","slug":"casque-sans-fil-de-securite-motorola-jr-300-pour-enfants","status":"publish","type":"product","link":"https:\/\/prestige-e.com\/fr\/produit\/casque-sans-fil-de-securite-motorola-jr-300-pour-enfants\/","title":{"rendered":"Casque sans fil de s\u00e9curit\u00e9 Motorola JR 300 pour enfants"},"content":{"rendered":"","protected":false},"excerpt":{"rendered":"<p>Lib\u00e9rez-vous des c\u00e2bles emm\u00eal\u00e9s avec le casque sans fil JR300 adapt\u00e9 aux enfants. Son design robuste et ses couleurs amusantes int\u00e8grent la technologie sans fil BT offrant 15 heures d&rsquo;autonomie par charge. Il est livr\u00e9 avec un c\u00e2ble d\u00e9tachable de 3,5 mm pour une utilisation sans batterie et un microphone int\u00e9gr\u00e9 pour les appels mains libres. Ce casque est con\u00e7u pour limiter le volume \u00e0 un niveau s\u00e9curis\u00e9 de 85 dB pour les enfants et faciliter le partage en permettant de connecter jusqu&rsquo;\u00e0 4 casques simultan\u00e9ment. Ses fonctionnalit\u00e9s intelligentes et son prix abordable en font le casque supra-auriculaire id\u00e9al pour les plus jeunes et les jeunes de c\u0153ur ! Corps en plastique antichoc, flexible et durable. Avec coussinets hypoallerg\u00e9niques (sans BPA).      <\/p>\n<p><strong><u>Dimensions<\/u><\/strong> : 15,6 x 6,8 x 16 cm<\/p>\n<p><strong><u>Mat\u00e9riau<\/u><\/strong> : ABS<\/p>\n","protected":false},"featured_media":38668,"comment_status":"closed","ping_status":"closed","template":"","meta":{"inline_featured_image":false},"product_brand":[],"product_cat":[175,174],"product_tag":[],"class_list":{"0":"post-38666","1":"product","2":"type-product","3":"status-publish","4":"has-post-thumbnail","6":"product_cat-appareils-art-de-vivre","7":"product_cat-art-de-vivre","9":"first","10":"instock","11":"shipping-taxable","12":"purchasable","13":"product-type-simple"},"aioseo_notices":[],"_links":{"self":[{"href":"https:\/\/prestige-e.com\/fr\/wp-json\/wp\/v2\/product\/38666","targetHints":{"allow":["GET"]}}],"collection":[{"href":"https:\/\/prestige-e.com\/fr\/wp-json\/wp\/v2\/product"}],"about":[{"href":"https:\/\/prestige-e.com\/fr\/wp-json\/wp\/v2\/types\/product"}],"replies":[{"embeddable":true,"href":"https:\/\/prestige-e.com\/fr\/wp-json\/wp\/v2\/comments?post=38666"}],"wp:featuredmedia":[{"embeddable":true,"href":"https:\/\/prestige-e.com\/fr\/wp-json\/wp\/v2\/media\/38668"}],"wp:attachment":[{"href":"https:\/\/prestige-e.com\/fr\/wp-json\/wp\/v2\/media?parent=38666"}],"wp:term":[{"taxonomy":"product_brand","embeddable":true,"href":"https:\/\/prestige-e.com\/fr\/wp-json\/wp\/v2\/product_brand?post=38666"},{"taxonomy":"product_cat","embeddable":true,"href":"https:\/\/prestige-e.com\/fr\/wp-json\/wp\/v2\/product_cat?post=38666"},{"taxonomy":"product_tag","embeddable":true,"href":"https:\/\/prestige-e.com\/fr\/wp-json\/wp\/v2\/product_tag?post=38666"}],"curies":[{"name":"wp","href":"https:\/\/api.w.org\/{rel}","templated":true}]}}