{"id":38658,"date":"2022-02-03T12:51:50","date_gmt":"2022-02-03T11:51:50","guid":{"rendered":"https:\/\/prestige-e.com\/product\/be-o-bottle-gourde-fabriquee-dans-lue\/"},"modified":"2025-11-27T13:27:00","modified_gmt":"2025-11-27T12:27:00","slug":"be-o-bottle-gourde-fabriquee-dans-lue","status":"publish","type":"product","link":"https:\/\/prestige-e.com\/fr\/produit\/be-o-bottle-gourde-fabriquee-dans-lue\/","title":{"rendered":"BE o bottle, gourde &#8211; Fabriqu\u00e9e dans l&rsquo;UE"},"content":{"rendered":"","protected":false},"excerpt":{"rendered":"<p>La gourde BE O est fabriqu\u00e9e \u00e0 partir de canne \u00e0 sucre. Son plastique est sans huile, ce qui est meilleur pour la plan\u00e8te. Un design super pratique, rendant la bouteille facile \u00e0 transporter, \u00e0 nettoyer et \u00e0 ranger. Con\u00e7ue et fabriqu\u00e9e aux Pays-Bas, et enti\u00e8rement recyclable. Chaque bouteille a un impact positif de -80 grammes de CO2e sur notre plan\u00e8te. Compatible lave-vaisselle. Contenance de 500 ml.       <\/p>\n<p><strong><u>Dimension<\/u><\/strong> : 24 x 6,1 x 6,1 cm<\/p>\n<p><strong><u>Mat\u00e9riau<\/u><\/strong> : PEHD<\/p>\n","protected":false},"featured_media":38665,"comment_status":"closed","ping_status":"closed","template":"","meta":{"inline_featured_image":false},"product_brand":[],"product_cat":[174,213,188,190,152,189],"product_tag":[],"class_list":{"0":"post-38658","1":"product","2":"type-product","3":"status-publish","4":"has-post-thumbnail","6":"product_cat-art-de-vivre","7":"product_cat-bouteilles-mugs-ecologie","8":"product_cat-bouteilles-mugs-lifestyle","9":"product_cat-bouteilles-mugs-voyage","10":"product_cat-ecologie","11":"product_cat-voyage","13":"first","14":"instock","15":"shipping-taxable","16":"purchasable","17":"product-type-simple"},"aioseo_notices":[],"_links":{"self":[{"href":"https:\/\/prestige-e.com\/fr\/wp-json\/wp\/v2\/product\/38658","targetHints":{"allow":["GET"]}}],"collection":[{"href":"https:\/\/prestige-e.com\/fr\/wp-json\/wp\/v2\/product"}],"about":[{"href":"https:\/\/prestige-e.com\/fr\/wp-json\/wp\/v2\/types\/product"}],"replies":[{"embeddable":true,"href":"https:\/\/prestige-e.com\/fr\/wp-json\/wp\/v2\/comments?post=38658"}],"wp:featuredmedia":[{"embeddable":true,"href":"https:\/\/prestige-e.com\/fr\/wp-json\/wp\/v2\/media\/38665"}],"wp:attachment":[{"href":"https:\/\/prestige-e.com\/fr\/wp-json\/wp\/v2\/media?parent=38658"}],"wp:term":[{"taxonomy":"product_brand","embeddable":true,"href":"https:\/\/prestige-e.com\/fr\/wp-json\/wp\/v2\/product_brand?post=38658"},{"taxonomy":"product_cat","embeddable":true,"href":"https:\/\/prestige-e.com\/fr\/wp-json\/wp\/v2\/product_cat?post=38658"},{"taxonomy":"product_tag","embeddable":true,"href":"https:\/\/prestige-e.com\/fr\/wp-json\/wp\/v2\/product_tag?post=38658"}],"curies":[{"name":"wp","href":"https:\/\/api.w.org\/{rel}","templated":true}]}}