{"id":38657,"date":"2022-02-08T12:36:01","date_gmt":"2022-02-08T11:36:01","guid":{"rendered":"https:\/\/prestige-e.com\/product\/speakerbuds\/"},"modified":"2025-11-27T13:26:57","modified_gmt":"2025-11-27T12:26:57","slug":"speakerbuds","status":"publish","type":"product","link":"https:\/\/prestige-e.com\/fr\/produit\/speakerbuds\/","title":{"rendered":"Speakerbuds"},"content":{"rendered":"","protected":false},"excerpt":{"rendered":"<p>\u00c9couteurs True Wireless Stereo 2-en-1<br \/>\nHaut-parleur Bluetooth\u00ae int\u00e9gr\u00e9 de 3W<br \/>\nDouble microphone<br \/>\nAppels mains libres<br \/>\nCommandes vocales<br \/>\nJusqu&rsquo;\u00e0 6h d&rsquo;autonomie musicale pour les \u00e9couteurs et 18h suppl\u00e9mentaires avec l&rsquo;\u00e9tui de charge<br \/>\nRechargeable via port USB-C (c\u00e2ble inclus)<\/p>\n<p><strong><u>Dimensions<\/u><\/strong> : 9,9 x 5,2 x 2,5 cm<\/p>\n<p><strong><u>Mat\u00e9riau<\/u><\/strong> : ABS recouvert de cuir PU<\/p>\n","protected":false},"featured_media":38661,"comment_status":"closed","ping_status":"closed","template":"","meta":{"inline_featured_image":false},"product_brand":[],"product_cat":[175,223,174,189],"product_tag":[],"class_list":{"0":"post-38657","1":"product","2":"type-product","3":"status-publish","4":"has-post-thumbnail","6":"product_cat-appareils-art-de-vivre","7":"product_cat-appareils-voyage","8":"product_cat-art-de-vivre","9":"product_cat-voyage","11":"first","12":"instock","13":"shipping-taxable","14":"purchasable","15":"product-type-simple"},"aioseo_notices":[],"_links":{"self":[{"href":"https:\/\/prestige-e.com\/fr\/wp-json\/wp\/v2\/product\/38657","targetHints":{"allow":["GET"]}}],"collection":[{"href":"https:\/\/prestige-e.com\/fr\/wp-json\/wp\/v2\/product"}],"about":[{"href":"https:\/\/prestige-e.com\/fr\/wp-json\/wp\/v2\/types\/product"}],"replies":[{"embeddable":true,"href":"https:\/\/prestige-e.com\/fr\/wp-json\/wp\/v2\/comments?post=38657"}],"wp:featuredmedia":[{"embeddable":true,"href":"https:\/\/prestige-e.com\/fr\/wp-json\/wp\/v2\/media\/38661"}],"wp:attachment":[{"href":"https:\/\/prestige-e.com\/fr\/wp-json\/wp\/v2\/media?parent=38657"}],"wp:term":[{"taxonomy":"product_brand","embeddable":true,"href":"https:\/\/prestige-e.com\/fr\/wp-json\/wp\/v2\/product_brand?post=38657"},{"taxonomy":"product_cat","embeddable":true,"href":"https:\/\/prestige-e.com\/fr\/wp-json\/wp\/v2\/product_cat?post=38657"},{"taxonomy":"product_tag","embeddable":true,"href":"https:\/\/prestige-e.com\/fr\/wp-json\/wp\/v2\/product_tag?post=38657"}],"curies":[{"name":"wp","href":"https:\/\/api.w.org\/{rel}","templated":true}]}}