{"id":38654,"date":"2022-02-08T15:06:53","date_gmt":"2022-02-08T14:06:53","guid":{"rendered":"https:\/\/prestige-e.com\/product\/base-sans-fil-ecologique-10w\/"},"modified":"2025-11-27T13:26:57","modified_gmt":"2025-11-27T12:26:57","slug":"base-sans-fil-ecologique-10w","status":"publish","type":"product","link":"https:\/\/prestige-e.com\/fr\/produit\/base-sans-fil-ecologique-10w\/","title":{"rendered":"Base sans fil \u00e9cologique 10W"},"content":{"rendered":"","protected":false},"excerpt":{"rendered":"<p>Chargeur sans fil 10W avec finition caoutchouc et logo lumineux personnalisable. Cet article a \u00e9t\u00e9 con\u00e7u dans une d\u00e9marche \u00e9coresponsable : bois, c\u00e2ble de charge en rPET. Ce chargeur est compatible QI. Tout est inclus : personnalisation, c\u00e2ble de charge en rPET et coffret cadeau avec fermeture magn\u00e9tique en papier recycl\u00e9.   <\/p>\n<p><strong><u>Dimension<\/u><\/strong> : 6,8 x 1,2 cm<\/p>\n<p><strong><u>Mat\u00e9riau<\/u><\/strong> : Bois et ABS avec finition soft touch<\/p>\n","protected":false},"featured_media":38656,"comment_status":"closed","ping_status":"closed","template":"","meta":{"inline_featured_image":false},"product_brand":[],"product_cat":[175,214,174,152],"product_tag":[],"class_list":{"0":"post-38654","1":"product","2":"type-product","3":"status-publish","4":"has-post-thumbnail","6":"product_cat-appareils-art-de-vivre","7":"product_cat-appareils-ecologie","8":"product_cat-art-de-vivre","9":"product_cat-ecologie","11":"first","12":"instock","13":"shipping-taxable","14":"purchasable","15":"product-type-simple"},"aioseo_notices":[],"_links":{"self":[{"href":"https:\/\/prestige-e.com\/fr\/wp-json\/wp\/v2\/product\/38654","targetHints":{"allow":["GET"]}}],"collection":[{"href":"https:\/\/prestige-e.com\/fr\/wp-json\/wp\/v2\/product"}],"about":[{"href":"https:\/\/prestige-e.com\/fr\/wp-json\/wp\/v2\/types\/product"}],"replies":[{"embeddable":true,"href":"https:\/\/prestige-e.com\/fr\/wp-json\/wp\/v2\/comments?post=38654"}],"wp:featuredmedia":[{"embeddable":true,"href":"https:\/\/prestige-e.com\/fr\/wp-json\/wp\/v2\/media\/38656"}],"wp:attachment":[{"href":"https:\/\/prestige-e.com\/fr\/wp-json\/wp\/v2\/media?parent=38654"}],"wp:term":[{"taxonomy":"product_brand","embeddable":true,"href":"https:\/\/prestige-e.com\/fr\/wp-json\/wp\/v2\/product_brand?post=38654"},{"taxonomy":"product_cat","embeddable":true,"href":"https:\/\/prestige-e.com\/fr\/wp-json\/wp\/v2\/product_cat?post=38654"},{"taxonomy":"product_tag","embeddable":true,"href":"https:\/\/prestige-e.com\/fr\/wp-json\/wp\/v2\/product_tag?post=38654"}],"curies":[{"name":"wp","href":"https:\/\/api.w.org\/{rel}","templated":true}]}}