{"id":38651,"date":"2022-02-04T15:07:46","date_gmt":"2022-02-04T14:07:46","guid":{"rendered":"https:\/\/prestige-e.com\/product\/bouteille-bulb-flow\/"},"modified":"2025-11-27T13:26:58","modified_gmt":"2025-11-27T12:26:58","slug":"bouteille-bulb-flow","status":"publish","type":"product","link":"https:\/\/prestige-e.com\/fr\/produit\/bouteille-bulb-flow\/","title":{"rendered":"Bouteille Bulb Flow"},"content":{"rendered":"","protected":false},"excerpt":{"rendered":"<p>Le BULB FLOW inspire des pauses rafra\u00eechissantes uniques : Fabriqu\u00e9e en Suisse \u00e0 partir de mat\u00e9riaux de haute qualit\u00e9 et avec 100 % d&rsquo;\u00e9nergie renouvelable, la bouteille FLOW incarne la durabilit\u00e9 sous sa plus belle forme et conf\u00e8re \u00e0 votre entreprise une image haut de gamme et exclusive.<br \/>\nLes diverses options de personnalisation sur le couvercle et la bouteille renforcent la fid\u00e9lit\u00e9 \u00e0 la marque.<br \/>\nLa bouteille est disponible soit en Tritan\u2122 (un plastique cristallin tr\u00e8s r\u00e9sistant) soit en verre.<br \/>\nAvec le couvercle en h\u00eatre tourn\u00e9 \u00e0 la main, chaque bouteille devient unique gr\u00e2ce aux veines naturelles du bois.<\/p>\n<p><strong><u>Mat\u00e9riau<\/u><\/strong> : Verre<\/p>\n","protected":false},"featured_media":38653,"comment_status":"closed","ping_status":"closed","template":"","meta":{"inline_featured_image":false},"product_brand":[],"product_cat":[174,213,188,190,152,189],"product_tag":[],"class_list":{"0":"post-38651","1":"product","2":"type-product","3":"status-publish","4":"has-post-thumbnail","6":"product_cat-art-de-vivre","7":"product_cat-bouteilles-mugs-ecologie","8":"product_cat-bouteilles-mugs-lifestyle","9":"product_cat-bouteilles-mugs-voyage","10":"product_cat-ecologie","11":"product_cat-voyage","13":"first","14":"instock","15":"shipping-taxable","16":"purchasable","17":"product-type-simple"},"aioseo_notices":[],"_links":{"self":[{"href":"https:\/\/prestige-e.com\/fr\/wp-json\/wp\/v2\/product\/38651","targetHints":{"allow":["GET"]}}],"collection":[{"href":"https:\/\/prestige-e.com\/fr\/wp-json\/wp\/v2\/product"}],"about":[{"href":"https:\/\/prestige-e.com\/fr\/wp-json\/wp\/v2\/types\/product"}],"replies":[{"embeddable":true,"href":"https:\/\/prestige-e.com\/fr\/wp-json\/wp\/v2\/comments?post=38651"}],"wp:featuredmedia":[{"embeddable":true,"href":"https:\/\/prestige-e.com\/fr\/wp-json\/wp\/v2\/media\/38653"}],"wp:attachment":[{"href":"https:\/\/prestige-e.com\/fr\/wp-json\/wp\/v2\/media?parent=38651"}],"wp:term":[{"taxonomy":"product_brand","embeddable":true,"href":"https:\/\/prestige-e.com\/fr\/wp-json\/wp\/v2\/product_brand?post=38651"},{"taxonomy":"product_cat","embeddable":true,"href":"https:\/\/prestige-e.com\/fr\/wp-json\/wp\/v2\/product_cat?post=38651"},{"taxonomy":"product_tag","embeddable":true,"href":"https:\/\/prestige-e.com\/fr\/wp-json\/wp\/v2\/product_tag?post=38651"}],"curies":[{"name":"wp","href":"https:\/\/api.w.org\/{rel}","templated":true}]}}