{"id":38648,"date":"2022-02-04T09:54:54","date_gmt":"2022-02-04T08:54:54","guid":{"rendered":"https:\/\/prestige-e.com\/product\/balance-personnelle-connectee-kidywolf\/"},"modified":"2025-11-27T13:26:58","modified_gmt":"2025-11-27T12:26:58","slug":"balance-personnelle-connectee-kidywolf","status":"publish","type":"product","link":"https:\/\/prestige-e.com\/fr\/produit\/balance-personnelle-connectee-kidywolf\/","title":{"rendered":"Balance personnelle connect\u00e9e Kidywolf"},"content":{"rendered":"","protected":false},"excerpt":{"rendered":"<p>Avec cette balance sans fil ludique de Kidyted, mesurer la taille et le poids devient un moyen amusant de suivre la courbe de croissance de votre enfant sur votre t\u00e9l\u00e9phone. La balance Kidyted ne poss\u00e8de aucun bouton ; elle s&rsquo;allume automatiquement lorsque vous montez dessus ou ouvrez la t\u00eate de l&rsquo;ours. Elle mesure de 3 \u00e0 150 kg et de 2 \u00e0 180 cm en hauteur.  <\/p>\n<p><strong><u>Dimension<\/u><\/strong> : 31 x 31 x 2,5 cm<\/p>\n","protected":false},"featured_media":38650,"comment_status":"closed","ping_status":"closed","template":"","meta":{"inline_featured_image":false},"product_brand":[],"product_cat":[179],"product_tag":[],"class_list":{"0":"post-38648","1":"product","2":"type-product","3":"status-publish","4":"has-post-thumbnail","6":"product_cat-jeux-jouet-art-de-vivre","8":"first","9":"instock","10":"shipping-taxable","11":"purchasable","12":"product-type-simple"},"aioseo_notices":[],"_links":{"self":[{"href":"https:\/\/prestige-e.com\/fr\/wp-json\/wp\/v2\/product\/38648","targetHints":{"allow":["GET"]}}],"collection":[{"href":"https:\/\/prestige-e.com\/fr\/wp-json\/wp\/v2\/product"}],"about":[{"href":"https:\/\/prestige-e.com\/fr\/wp-json\/wp\/v2\/types\/product"}],"replies":[{"embeddable":true,"href":"https:\/\/prestige-e.com\/fr\/wp-json\/wp\/v2\/comments?post=38648"}],"wp:featuredmedia":[{"embeddable":true,"href":"https:\/\/prestige-e.com\/fr\/wp-json\/wp\/v2\/media\/38650"}],"wp:attachment":[{"href":"https:\/\/prestige-e.com\/fr\/wp-json\/wp\/v2\/media?parent=38648"}],"wp:term":[{"taxonomy":"product_brand","embeddable":true,"href":"https:\/\/prestige-e.com\/fr\/wp-json\/wp\/v2\/product_brand?post=38648"},{"taxonomy":"product_cat","embeddable":true,"href":"https:\/\/prestige-e.com\/fr\/wp-json\/wp\/v2\/product_cat?post=38648"},{"taxonomy":"product_tag","embeddable":true,"href":"https:\/\/prestige-e.com\/fr\/wp-json\/wp\/v2\/product_tag?post=38648"}],"curies":[{"name":"wp","href":"https:\/\/api.w.org\/{rel}","templated":true}]}}