{"id":38645,"date":"2022-02-08T17:53:31","date_gmt":"2022-02-08T16:53:31","guid":{"rendered":"https:\/\/prestige-e.com\/product\/base-de-chargement-10w-et-plante-de-filtration-dair-de-bureau\/"},"modified":"2025-11-27T13:26:55","modified_gmt":"2025-11-27T12:26:55","slug":"base-de-chargement-10w-et-plante-de-filtration-dair-de-bureau","status":"publish","type":"product","link":"https:\/\/prestige-e.com\/fr\/produit\/base-de-chargement-10w-et-plante-de-filtration-dair-de-bureau\/","title":{"rendered":"Base de chargement 10W et plante de filtration d&rsquo;air de bureau"},"content":{"rendered":"","protected":false},"excerpt":{"rendered":"<p>Le produit comprend un chargeur \u00e0 induction de bureau 10W avec logo lumineux et une plante d\u00e9polluante \u00ab\u00a0Haworthia Limifolia\u00a0\u00bb livr\u00e9e dans un pot en bois. La base sert \u00e9galement de hub avec deux ports, un port USB type C et un USB-A permettant de charger jusqu&rsquo;\u00e0 3 appareils en m\u00eame temps. La base doit \u00eatre branch\u00e9e directement sur une source d&rsquo;alimentation via le port USB-C \u00e0 l&rsquo;arri\u00e8re. Cet article a \u00e9t\u00e9 con\u00e7u dans le respect des normes environnementales. Tout est inclus : plante de filtration d&rsquo;air, personnalisation, c\u00e2ble de chargement en rPET et coffret cadeau en carton recycl\u00e9 avec fermeture magn\u00e9tique. L&rsquo;article peut \u00eatre fourni sans la plante pour \u00eatre utilis\u00e9 comme pot \u00e0 crayons.     <\/p>\n<p><strong><u>Dimension de la base<\/u><\/strong> : 18 \u00d7 8 X 11 cm<\/p>\n<p><strong><u>Dimension de l&rsquo;\u00e9tui<\/u><\/strong> : 7 \u00d7 10 cm<\/p>\n<p><strong><u>Mat\u00e9riau<\/u><\/strong> : rPET et bois<\/p>\n","protected":false},"featured_media":38647,"comment_status":"closed","ping_status":"closed","template":"","meta":{"inline_featured_image":false},"product_brand":[],"product_cat":[175,226,146],"product_tag":[],"class_list":{"0":"post-38645","1":"product","2":"type-product","3":"status-publish","4":"has-post-thumbnail","6":"product_cat-appareils-art-de-vivre","7":"product_cat-appareils-bureau","8":"product_cat-articles-de-bureau","10":"first","11":"instock","12":"shipping-taxable","13":"purchasable","14":"product-type-simple"},"aioseo_notices":[],"_links":{"self":[{"href":"https:\/\/prestige-e.com\/fr\/wp-json\/wp\/v2\/product\/38645","targetHints":{"allow":["GET"]}}],"collection":[{"href":"https:\/\/prestige-e.com\/fr\/wp-json\/wp\/v2\/product"}],"about":[{"href":"https:\/\/prestige-e.com\/fr\/wp-json\/wp\/v2\/types\/product"}],"replies":[{"embeddable":true,"href":"https:\/\/prestige-e.com\/fr\/wp-json\/wp\/v2\/comments?post=38645"}],"wp:featuredmedia":[{"embeddable":true,"href":"https:\/\/prestige-e.com\/fr\/wp-json\/wp\/v2\/media\/38647"}],"wp:attachment":[{"href":"https:\/\/prestige-e.com\/fr\/wp-json\/wp\/v2\/media?parent=38645"}],"wp:term":[{"taxonomy":"product_brand","embeddable":true,"href":"https:\/\/prestige-e.com\/fr\/wp-json\/wp\/v2\/product_brand?post=38645"},{"taxonomy":"product_cat","embeddable":true,"href":"https:\/\/prestige-e.com\/fr\/wp-json\/wp\/v2\/product_cat?post=38645"},{"taxonomy":"product_tag","embeddable":true,"href":"https:\/\/prestige-e.com\/fr\/wp-json\/wp\/v2\/product_tag?post=38645"}],"curies":[{"name":"wp","href":"https:\/\/api.w.org\/{rel}","templated":true}]}}