{"id":38642,"date":"2022-02-04T08:45:50","date_gmt":"2022-02-04T07:45:50","guid":{"rendered":"https:\/\/prestige-e.com\/product\/triceratops-jeu-de-memoire-avec-20-pieces\/"},"modified":"2025-11-27T13:26:59","modified_gmt":"2025-11-27T12:26:59","slug":"triceratops-jeu-de-memoire-avec-20-pieces","status":"publish","type":"product","link":"https:\/\/prestige-e.com\/fr\/produit\/triceratops-jeu-de-memoire-avec-20-pieces\/","title":{"rendered":"TRICERATOPS. Jeu de m\u00e9moire avec 20 pi\u00e8ces"},"content":{"rendered":"","protected":false},"excerpt":{"rendered":"<p>Jeu de m\u00e9moire de 20 pi\u00e8ces avec figurines de dinosaures, l\u00e9ger et facile \u00e0 transporter. La bo\u00eete est con\u00e7ue sur mesure et sert de rangement pour le jeu. Pi\u00e8ces : 50 x 50 x 1 mm | Bo\u00eete : 56 x 54 x 35 mm  <\/p>\n<p><strong><u>Dimension<\/u><\/strong> : 5,6 x 5,4 x 3,5 cm<\/p>\n","protected":false},"featured_media":38644,"comment_status":"closed","ping_status":"closed","template":"","meta":{"inline_featured_image":false},"product_brand":[],"product_cat":[174,179],"product_tag":[],"class_list":{"0":"post-38642","1":"product","2":"type-product","3":"status-publish","4":"has-post-thumbnail","6":"product_cat-art-de-vivre","7":"product_cat-jeux-jouet-art-de-vivre","9":"first","10":"instock","11":"shipping-taxable","12":"purchasable","13":"product-type-simple"},"aioseo_notices":[],"_links":{"self":[{"href":"https:\/\/prestige-e.com\/fr\/wp-json\/wp\/v2\/product\/38642","targetHints":{"allow":["GET"]}}],"collection":[{"href":"https:\/\/prestige-e.com\/fr\/wp-json\/wp\/v2\/product"}],"about":[{"href":"https:\/\/prestige-e.com\/fr\/wp-json\/wp\/v2\/types\/product"}],"replies":[{"embeddable":true,"href":"https:\/\/prestige-e.com\/fr\/wp-json\/wp\/v2\/comments?post=38642"}],"wp:featuredmedia":[{"embeddable":true,"href":"https:\/\/prestige-e.com\/fr\/wp-json\/wp\/v2\/media\/38644"}],"wp:attachment":[{"href":"https:\/\/prestige-e.com\/fr\/wp-json\/wp\/v2\/media?parent=38642"}],"wp:term":[{"taxonomy":"product_brand","embeddable":true,"href":"https:\/\/prestige-e.com\/fr\/wp-json\/wp\/v2\/product_brand?post=38642"},{"taxonomy":"product_cat","embeddable":true,"href":"https:\/\/prestige-e.com\/fr\/wp-json\/wp\/v2\/product_cat?post=38642"},{"taxonomy":"product_tag","embeddable":true,"href":"https:\/\/prestige-e.com\/fr\/wp-json\/wp\/v2\/product_tag?post=38642"}],"curies":[{"name":"wp","href":"https:\/\/api.w.org\/{rel}","templated":true}]}}