{"id":38639,"date":"2022-02-08T17:25:20","date_gmt":"2022-02-08T16:25:20","guid":{"rendered":"https:\/\/prestige-e.com\/product\/carnet-de-notes-avec-chargeur-sans-fil\/"},"modified":"2025-11-27T13:26:56","modified_gmt":"2025-11-27T12:26:56","slug":"carnet-de-notes-avec-chargeur-sans-fil","status":"publish","type":"product","link":"https:\/\/prestige-e.com\/fr\/produit\/carnet-de-notes-avec-chargeur-sans-fil\/","title":{"rendered":"Carnet de notes avec chargeur sans fil"},"content":{"rendered":"","protected":false},"excerpt":{"rendered":"<p>Carnet de notes avec powerbank de 4000 mAh et logo lumineux. Le carnet est fabriqu\u00e9 en PU, finition microfibre.<br \/>\nLe Powerbank dispose d&rsquo;un c\u00e2ble int\u00e9gr\u00e9 3-en-1 et d&rsquo;une zone de charge par induction de 5W. Il comprend un carnet A5 amovible avec 30 pages de papier recycl\u00e9. Tout est inclus : personnalisation, carnet A5 et bo\u00eete cadeau en carton recycl\u00e9.   <\/p>\n<p><strong><u>Dimension<\/u><\/strong> : 19 x 23,5 x 4 cm<\/p>\n<p><strong><u>Mat\u00e9riau<\/u><\/strong> : Papier recycl\u00e9 et PU<\/p>\n","protected":false},"featured_media":38640,"comment_status":"closed","ping_status":"closed","template":"","meta":{"inline_featured_image":false},"product_brand":[],"product_cat":[146,147],"product_tag":[],"class_list":{"0":"post-38639","1":"product","2":"type-product","3":"status-publish","4":"has-post-thumbnail","6":"product_cat-articles-de-bureau","7":"product_cat-carnet-articles-de-bureau","9":"first","10":"instock","11":"shipping-taxable","12":"purchasable","13":"product-type-simple"},"aioseo_notices":[],"_links":{"self":[{"href":"https:\/\/prestige-e.com\/fr\/wp-json\/wp\/v2\/product\/38639","targetHints":{"allow":["GET"]}}],"collection":[{"href":"https:\/\/prestige-e.com\/fr\/wp-json\/wp\/v2\/product"}],"about":[{"href":"https:\/\/prestige-e.com\/fr\/wp-json\/wp\/v2\/types\/product"}],"replies":[{"embeddable":true,"href":"https:\/\/prestige-e.com\/fr\/wp-json\/wp\/v2\/comments?post=38639"}],"wp:featuredmedia":[{"embeddable":true,"href":"https:\/\/prestige-e.com\/fr\/wp-json\/wp\/v2\/media\/38640"}],"wp:attachment":[{"href":"https:\/\/prestige-e.com\/fr\/wp-json\/wp\/v2\/media?parent=38639"}],"wp:term":[{"taxonomy":"product_brand","embeddable":true,"href":"https:\/\/prestige-e.com\/fr\/wp-json\/wp\/v2\/product_brand?post=38639"},{"taxonomy":"product_cat","embeddable":true,"href":"https:\/\/prestige-e.com\/fr\/wp-json\/wp\/v2\/product_cat?post=38639"},{"taxonomy":"product_tag","embeddable":true,"href":"https:\/\/prestige-e.com\/fr\/wp-json\/wp\/v2\/product_tag?post=38639"}],"curies":[{"name":"wp","href":"https:\/\/api.w.org\/{rel}","templated":true}]}}