{"id":38636,"date":"2022-02-03T13:05:59","date_gmt":"2022-02-03T12:05:59","guid":{"rendered":"https:\/\/prestige-e.com\/product\/gobelet-pliable-en-silicone\/"},"modified":"2025-11-27T13:27:00","modified_gmt":"2025-11-27T12:27:00","slug":"gobelet-pliable-en-silicone","status":"publish","type":"product","link":"https:\/\/prestige-e.com\/fr\/produit\/gobelet-pliable-en-silicone\/","title":{"rendered":"Gobelet pliable en silicone"},"content":{"rendered":"","protected":false},"excerpt":{"rendered":"<p>Ce gobelet portable et pliable, fabriqu\u00e9 \u00e0 partir de silicone 100 % de qualit\u00e9 alimentaire, est antiadh\u00e9sif, flexible et facile \u00e0 nettoyer. Peu encombrant, il est donc parfait pour l\u2019ext\u00e9rieur ou les voyages. Compatible lave-vaisselle et sans BPA. Nettoyer \u00e0 l\u2019eau bouillante pendant quelques minutes avant la premi\u00e8re utilisation. Contenu&nbsp;: 350&nbsp;ml.    <\/p>\n<p><strong><u>Dimension<\/u><\/strong>&nbsp;: 8,7&nbsp;x&nbsp;14&nbsp;cm<\/p>\n<p><strong><u>Mat\u00e9riau<\/u><\/strong>&nbsp;: silicone<\/p>\n","protected":false},"featured_media":38638,"comment_status":"closed","ping_status":"closed","template":"","meta":{"inline_featured_image":false},"product_brand":[],"product_cat":[174,188,190,189],"product_tag":[],"class_list":{"0":"post-38636","1":"product","2":"type-product","3":"status-publish","4":"has-post-thumbnail","6":"product_cat-art-de-vivre","7":"product_cat-bouteilles-mugs-lifestyle","8":"product_cat-bouteilles-mugs-voyage","9":"product_cat-voyage","11":"first","12":"instock","13":"shipping-taxable","14":"purchasable","15":"product-type-simple"},"aioseo_notices":[],"_links":{"self":[{"href":"https:\/\/prestige-e.com\/fr\/wp-json\/wp\/v2\/product\/38636","targetHints":{"allow":["GET"]}}],"collection":[{"href":"https:\/\/prestige-e.com\/fr\/wp-json\/wp\/v2\/product"}],"about":[{"href":"https:\/\/prestige-e.com\/fr\/wp-json\/wp\/v2\/types\/product"}],"replies":[{"embeddable":true,"href":"https:\/\/prestige-e.com\/fr\/wp-json\/wp\/v2\/comments?post=38636"}],"wp:featuredmedia":[{"embeddable":true,"href":"https:\/\/prestige-e.com\/fr\/wp-json\/wp\/v2\/media\/38638"}],"wp:attachment":[{"href":"https:\/\/prestige-e.com\/fr\/wp-json\/wp\/v2\/media?parent=38636"}],"wp:term":[{"taxonomy":"product_brand","embeddable":true,"href":"https:\/\/prestige-e.com\/fr\/wp-json\/wp\/v2\/product_brand?post=38636"},{"taxonomy":"product_cat","embeddable":true,"href":"https:\/\/prestige-e.com\/fr\/wp-json\/wp\/v2\/product_cat?post=38636"},{"taxonomy":"product_tag","embeddable":true,"href":"https:\/\/prestige-e.com\/fr\/wp-json\/wp\/v2\/product_tag?post=38636"}],"curies":[{"name":"wp","href":"https:\/\/api.w.org\/{rel}","templated":true}]}}