{"id":38633,"date":"2022-02-08T17:43:23","date_gmt":"2022-02-08T16:43:23","guid":{"rendered":"https:\/\/prestige-e.com\/product\/porte-documents-de-luxe-en-liege-a4-avec-stylo\/"},"modified":"2025-11-27T13:26:56","modified_gmt":"2025-11-27T12:26:56","slug":"porte-documents-de-luxe-en-liege-a4-avec-stylo","status":"publish","type":"product","link":"https:\/\/prestige-e.com\/fr\/produit\/porte-documents-de-luxe-en-liege-a4-avec-stylo\/","title":{"rendered":"Porte-documents de luxe en li\u00e8ge A4 avec stylo"},"content":{"rendered":"","protected":false},"excerpt":{"rendered":"<p>Porte-documents de conf\u00e9rence A4 en li\u00e8ge avec d\u00e9tails noirs, contenant un bloc de papier recycl\u00e9 lign\u00e9 de 20 feuilles (80 g\/m\u00b2, couleur cr\u00e8me), une grande poche, une poche pour t\u00e9l\u00e9phone, deux poches suppl\u00e9mentaires, quatre emplacements pour cartes, un porte-stylo et un stylo assorti en li\u00e8ge et paille de bl\u00e9. Fermeture \u00e9lastique. Livr\u00e9 dans une bo\u00eete cadeau kraft.  <\/p>\n<p><strong><u>Dimension<\/u><\/strong> : 31,1 x 23,7 x 2 cm<\/p>\n<p><strong><u>Mat\u00e9riau<\/u><\/strong> : Li\u00e8ge et polyester<\/p>\n","protected":false},"featured_media":38635,"comment_status":"closed","ping_status":"closed","template":"","meta":{"inline_featured_image":false},"product_brand":[],"product_cat":[146],"product_tag":[],"class_list":{"0":"post-38633","1":"product","2":"type-product","3":"status-publish","4":"has-post-thumbnail","6":"product_cat-articles-de-bureau","8":"first","9":"instock","10":"shipping-taxable","11":"purchasable","12":"product-type-simple"},"aioseo_notices":[],"_links":{"self":[{"href":"https:\/\/prestige-e.com\/fr\/wp-json\/wp\/v2\/product\/38633","targetHints":{"allow":["GET"]}}],"collection":[{"href":"https:\/\/prestige-e.com\/fr\/wp-json\/wp\/v2\/product"}],"about":[{"href":"https:\/\/prestige-e.com\/fr\/wp-json\/wp\/v2\/types\/product"}],"replies":[{"embeddable":true,"href":"https:\/\/prestige-e.com\/fr\/wp-json\/wp\/v2\/comments?post=38633"}],"wp:featuredmedia":[{"embeddable":true,"href":"https:\/\/prestige-e.com\/fr\/wp-json\/wp\/v2\/media\/38635"}],"wp:attachment":[{"href":"https:\/\/prestige-e.com\/fr\/wp-json\/wp\/v2\/media?parent=38633"}],"wp:term":[{"taxonomy":"product_brand","embeddable":true,"href":"https:\/\/prestige-e.com\/fr\/wp-json\/wp\/v2\/product_brand?post=38633"},{"taxonomy":"product_cat","embeddable":true,"href":"https:\/\/prestige-e.com\/fr\/wp-json\/wp\/v2\/product_cat?post=38633"},{"taxonomy":"product_tag","embeddable":true,"href":"https:\/\/prestige-e.com\/fr\/wp-json\/wp\/v2\/product_tag?post=38633"}],"curies":[{"name":"wp","href":"https:\/\/api.w.org\/{rel}","templated":true}]}}