{"id":38631,"date":"2022-02-08T15:56:56","date_gmt":"2022-02-08T14:56:56","guid":{"rendered":"https:\/\/prestige-e.com\/product\/pot-a-crayons-multifonction-wicam\/"},"modified":"2025-11-27T13:26:56","modified_gmt":"2025-11-27T12:26:56","slug":"pot-a-crayons-multifonction-wicam","status":"publish","type":"product","link":"https:\/\/prestige-e.com\/fr\/produit\/pot-a-crayons-multifonction-wicam\/","title":{"rendered":"Pot \u00e0 crayons multifonction Wicam"},"content":{"rendered":"","protected":false},"excerpt":{"rendered":"<p>Pot \u00e0 stylos Nature Line avec horloge multifonctionnelle int\u00e9gr\u00e9e. Fabriqu\u00e9 en li\u00e8ge naturel, avec fonctions thermom\u00e8tre, calendrier et alarme. Fonctionne avec piles (piles boutons incluses) et pr\u00e9sent\u00e9 dans une \u00e9l\u00e9gante bo\u00eete \u00e9co-design.  <\/p>\n<p><strong><u>Dimensions<\/u><\/strong> : 8,2 x 9,8 x 8,3 cm<\/p>\n<p><strong><u>Mat\u00e9riau<\/u><\/strong> : Li\u00e8ge<\/p>\n","protected":false},"featured_media":38632,"comment_status":"closed","ping_status":"closed","template":"","meta":{"inline_featured_image":false},"product_brand":[],"product_cat":[146,178],"product_tag":[],"class_list":{"0":"post-38631","1":"product","2":"type-product","3":"status-publish","4":"has-post-thumbnail","6":"product_cat-articles-de-bureau","7":"product_cat-bureau-articles-de-bureau","9":"first","10":"instock","11":"shipping-taxable","12":"purchasable","13":"product-type-simple"},"aioseo_notices":[],"_links":{"self":[{"href":"https:\/\/prestige-e.com\/fr\/wp-json\/wp\/v2\/product\/38631","targetHints":{"allow":["GET"]}}],"collection":[{"href":"https:\/\/prestige-e.com\/fr\/wp-json\/wp\/v2\/product"}],"about":[{"href":"https:\/\/prestige-e.com\/fr\/wp-json\/wp\/v2\/types\/product"}],"replies":[{"embeddable":true,"href":"https:\/\/prestige-e.com\/fr\/wp-json\/wp\/v2\/comments?post=38631"}],"wp:featuredmedia":[{"embeddable":true,"href":"https:\/\/prestige-e.com\/fr\/wp-json\/wp\/v2\/media\/38632"}],"wp:attachment":[{"href":"https:\/\/prestige-e.com\/fr\/wp-json\/wp\/v2\/media?parent=38631"}],"wp:term":[{"taxonomy":"product_brand","embeddable":true,"href":"https:\/\/prestige-e.com\/fr\/wp-json\/wp\/v2\/product_brand?post=38631"},{"taxonomy":"product_cat","embeddable":true,"href":"https:\/\/prestige-e.com\/fr\/wp-json\/wp\/v2\/product_cat?post=38631"},{"taxonomy":"product_tag","embeddable":true,"href":"https:\/\/prestige-e.com\/fr\/wp-json\/wp\/v2\/product_tag?post=38631"}],"curies":[{"name":"wp","href":"https:\/\/api.w.org\/{rel}","templated":true}]}}