{"id":38628,"date":"2022-02-08T15:30:15","date_gmt":"2022-02-08T14:30:15","guid":{"rendered":"https:\/\/prestige-e.com\/product\/support-petrok\/"},"modified":"2025-11-27T13:26:56","modified_gmt":"2025-11-27T12:26:56","slug":"support-petrok","status":"publish","type":"product","link":"https:\/\/prestige-e.com\/fr\/produit\/support-petrok\/","title":{"rendered":"Support Petrok"},"content":{"rendered":"","protected":false},"excerpt":{"rendered":"<p>Support pour smartphone\/tablette au design minimaliste de couleur blanche. Avec un organisateur de gadgets \u00e0 l&rsquo;arri\u00e8re. Zone d&rsquo;impression frontale sp\u00e9cialement con\u00e7ue pour la gravure laser, permettant \u00e0 votre logo ou marque d&rsquo;\u00eatre parfaitement illumin\u00e9 par une lumi\u00e8re blanche.  <\/p>\n<p><strong>Minimum order quantity required for this product:<\/strong><\/p>\n","protected":false},"featured_media":38630,"comment_status":"closed","ping_status":"closed","template":"","meta":{"inline_featured_image":false},"product_brand":[],"product_cat":[146],"product_tag":[],"class_list":{"0":"post-38628","1":"product","2":"type-product","3":"status-publish","4":"has-post-thumbnail","6":"product_cat-articles-de-bureau","8":"first","9":"instock","10":"shipping-taxable","11":"purchasable","12":"product-type-simple"},"aioseo_notices":[],"_links":{"self":[{"href":"https:\/\/prestige-e.com\/fr\/wp-json\/wp\/v2\/product\/38628","targetHints":{"allow":["GET"]}}],"collection":[{"href":"https:\/\/prestige-e.com\/fr\/wp-json\/wp\/v2\/product"}],"about":[{"href":"https:\/\/prestige-e.com\/fr\/wp-json\/wp\/v2\/types\/product"}],"replies":[{"embeddable":true,"href":"https:\/\/prestige-e.com\/fr\/wp-json\/wp\/v2\/comments?post=38628"}],"wp:featuredmedia":[{"embeddable":true,"href":"https:\/\/prestige-e.com\/fr\/wp-json\/wp\/v2\/media\/38630"}],"wp:attachment":[{"href":"https:\/\/prestige-e.com\/fr\/wp-json\/wp\/v2\/media?parent=38628"}],"wp:term":[{"taxonomy":"product_brand","embeddable":true,"href":"https:\/\/prestige-e.com\/fr\/wp-json\/wp\/v2\/product_brand?post=38628"},{"taxonomy":"product_cat","embeddable":true,"href":"https:\/\/prestige-e.com\/fr\/wp-json\/wp\/v2\/product_cat?post=38628"},{"taxonomy":"product_tag","embeddable":true,"href":"https:\/\/prestige-e.com\/fr\/wp-json\/wp\/v2\/product_tag?post=38628"}],"curies":[{"name":"wp","href":"https:\/\/api.w.org\/{rel}","templated":true}]}}