{"id":38624,"date":"2022-02-08T15:03:01","date_gmt":"2022-02-08T14:03:01","guid":{"rendered":"https:\/\/prestige-e.com\/product\/sous-main-hybride\/"},"modified":"2025-11-27T13:26:57","modified_gmt":"2025-11-27T12:26:57","slug":"sous-main-hybride","status":"publish","type":"product","link":"https:\/\/prestige-e.com\/fr\/produit\/sous-main-hybride\/","title":{"rendered":"Sous-main hybride"},"content":{"rendered":"","protected":false},"excerpt":{"rendered":"<p>Grand sous-main avec surface en cuir PU offrant une sensation agr\u00e9able et une manipulation fluide de la souris, en faisant l&rsquo;accessoire de bureau parfait. Dimensions : 60 cm x 40 cm x 1,7 mm. Livr\u00e9 dans une bo\u00eete en papier kraft premium avec un autocollant color\u00e9. Cuir synth\u00e9tique PU.   <\/p>\n<p><strong><u>Dimensions<\/u><\/strong> : 60 x 40 x 0,17 cm<\/p>\n<p><strong><u>Mat\u00e9riau<\/u><\/strong> : Cuir synth\u00e9tique PU<\/p>\n","protected":false},"featured_media":38625,"comment_status":"closed","ping_status":"closed","template":"","meta":{"inline_featured_image":false},"product_brand":[],"product_cat":[146,178],"product_tag":[],"class_list":{"0":"post-38624","1":"product","2":"type-product","3":"status-publish","4":"has-post-thumbnail","6":"product_cat-articles-de-bureau","7":"product_cat-bureau-articles-de-bureau","9":"first","10":"instock","11":"shipping-taxable","12":"purchasable","13":"product-type-simple"},"aioseo_notices":[],"_links":{"self":[{"href":"https:\/\/prestige-e.com\/fr\/wp-json\/wp\/v2\/product\/38624","targetHints":{"allow":["GET"]}}],"collection":[{"href":"https:\/\/prestige-e.com\/fr\/wp-json\/wp\/v2\/product"}],"about":[{"href":"https:\/\/prestige-e.com\/fr\/wp-json\/wp\/v2\/types\/product"}],"replies":[{"embeddable":true,"href":"https:\/\/prestige-e.com\/fr\/wp-json\/wp\/v2\/comments?post=38624"}],"wp:featuredmedia":[{"embeddable":true,"href":"https:\/\/prestige-e.com\/fr\/wp-json\/wp\/v2\/media\/38625"}],"wp:attachment":[{"href":"https:\/\/prestige-e.com\/fr\/wp-json\/wp\/v2\/media?parent=38624"}],"wp:term":[{"taxonomy":"product_brand","embeddable":true,"href":"https:\/\/prestige-e.com\/fr\/wp-json\/wp\/v2\/product_brand?post=38624"},{"taxonomy":"product_cat","embeddable":true,"href":"https:\/\/prestige-e.com\/fr\/wp-json\/wp\/v2\/product_cat?post=38624"},{"taxonomy":"product_tag","embeddable":true,"href":"https:\/\/prestige-e.com\/fr\/wp-json\/wp\/v2\/product_tag?post=38624"}],"curies":[{"name":"wp","href":"https:\/\/api.w.org\/{rel}","templated":true}]}}