{"id":38618,"date":"2022-02-08T18:02:04","date_gmt":"2022-02-08T17:02:04","guid":{"rendered":"https:\/\/prestige-e.com\/product\/sac-bandouliere-bobby\/"},"modified":"2025-11-27T13:26:55","modified_gmt":"2025-11-27T12:26:55","slug":"sac-bandouliere-bobby","status":"publish","type":"product","link":"https:\/\/prestige-e.com\/fr\/produit\/sac-bandouliere-bobby\/","title":{"rendered":"Sac bandouli\u00e8re Bobby"},"content":{"rendered":"","protected":false},"excerpt":{"rendered":"<p>S\u00fbr, confortable et intelligent, le sac bandouli\u00e8re Bobby a \u00e9t\u00e9 con\u00e7u pour les voyageurs urbains. Sentez-vous prot\u00e9g\u00e9 gr\u00e2ce aux c\u00e9l\u00e8bres caract\u00e9ristiques antivol Bobby telles que les fermetures \u00e9clair cach\u00e9es, l&rsquo;absence d&rsquo;acc\u00e8s frontal, la poche prot\u00e9g\u00e9e RFID et le mat\u00e9riau r\u00e9sistant aux coupures. Il dispose \u00e9galement d&rsquo;une boucle de s\u00e9curit\u00e9 \u00e0 3 points, garantissant que vos effets personnels quotidiens restent toujours pr\u00e8s de votre corps. Des fonctionnalit\u00e9s suppl\u00e9mentaires comme le mat\u00e9riau r\u00e9sistant \u00e0 l&rsquo;eau et un port de chargement USB int\u00e9gr\u00e9 font de ce sac \u00e0 dos en bandouli\u00e8re l&rsquo;option la plus pratique pour vos d\u00e9placements quotidiens. Fabriqu\u00e9 en tissu R-pet avec le traceur AWARE\u2122. Avec AWARE\u2122, l&rsquo;utilisation de tissu recycl\u00e9 authentique est garantie. 37% de contenu recycl\u00e9. Design d\u00e9pos\u00e9\u00ae       <\/p>\n<p><strong><u>Dimensions<\/u><\/strong> : 21 x 9 x 32,5 cm<\/p>\n<p><strong><u>Mat\u00e9riau<\/u><\/strong> : rPET<\/p>\n","protected":false},"featured_media":38620,"comment_status":"closed","ping_status":"closed","template":"","meta":{"inline_featured_image":false},"product_brand":[],"product_cat":[174,219,224,189],"product_tag":[],"class_list":{"0":"post-38618","1":"product","2":"type-product","3":"status-publish","4":"has-post-thumbnail","6":"product_cat-art-de-vivre","7":"product_cat-sacs-art-de-vivre","8":"product_cat-sacs-voyage","9":"product_cat-voyage","11":"first","12":"instock","13":"shipping-taxable","14":"purchasable","15":"product-type-simple"},"aioseo_notices":[],"_links":{"self":[{"href":"https:\/\/prestige-e.com\/fr\/wp-json\/wp\/v2\/product\/38618","targetHints":{"allow":["GET"]}}],"collection":[{"href":"https:\/\/prestige-e.com\/fr\/wp-json\/wp\/v2\/product"}],"about":[{"href":"https:\/\/prestige-e.com\/fr\/wp-json\/wp\/v2\/types\/product"}],"replies":[{"embeddable":true,"href":"https:\/\/prestige-e.com\/fr\/wp-json\/wp\/v2\/comments?post=38618"}],"wp:featuredmedia":[{"embeddable":true,"href":"https:\/\/prestige-e.com\/fr\/wp-json\/wp\/v2\/media\/38620"}],"wp:attachment":[{"href":"https:\/\/prestige-e.com\/fr\/wp-json\/wp\/v2\/media?parent=38618"}],"wp:term":[{"taxonomy":"product_brand","embeddable":true,"href":"https:\/\/prestige-e.com\/fr\/wp-json\/wp\/v2\/product_brand?post=38618"},{"taxonomy":"product_cat","embeddable":true,"href":"https:\/\/prestige-e.com\/fr\/wp-json\/wp\/v2\/product_cat?post=38618"},{"taxonomy":"product_tag","embeddable":true,"href":"https:\/\/prestige-e.com\/fr\/wp-json\/wp\/v2\/product_tag?post=38618"}],"curies":[{"name":"wp","href":"https:\/\/api.w.org\/{rel}","templated":true}]}}