{"id":38615,"date":"2023-03-11T14:04:27","date_gmt":"2023-03-11T13:04:27","guid":{"rendered":"https:\/\/prestige-e.com\/product\/bracelet-connecte-rcs-en-tpu-recycle-avec-moniteur-de-frequence-cardiaque\/"},"modified":"2025-11-27T13:26:53","modified_gmt":"2025-11-27T12:26:53","slug":"bracelet-connecte-rcs-en-tpu-recycle-avec-moniteur-de-frequence-cardiaque","status":"publish","type":"product","link":"https:\/\/prestige-e.com\/fr\/produit\/bracelet-connecte-rcs-en-tpu-recycle-avec-moniteur-de-frequence-cardiaque\/","title":{"rendered":"Bracelet connect\u00e9 RCS en TPU recycl\u00e9 avec moniteur de fr\u00e9quence cardiaque"},"content":{"rendered":"","protected":false},"excerpt":{"rendered":"<p>Faites ce qu&rsquo;il y a de mieux pour votre corps en utilisant ce tracker d&rsquo;activit\u00e9 \u00e9tanche (IPX5) avec un bracelet confortable en TPU recycl\u00e9 pour porter le bracelet jour et nuit. Avec un \u00e9cran OLED couleur tactile de 0,96&Prime; facile \u00e0 utiliser. Fabriqu\u00e9 avec un bracelet en TPU certifi\u00e9 RCS (Recycled Claim Standard) et un cadre en ABS. Contenu recycl\u00e9 total : 35 % bas\u00e9 sur le poids total de l&rsquo;article. La certification RCS garantit une cha\u00eene d&rsquo;approvisionnement enti\u00e8rement certifi\u00e9e des mat\u00e9riaux recycl\u00e9s. Application gratuite incluse en 6 langues pour obtenir des informations sur vos performances (pour iOS 8.1 et Android 4.4 ou sup\u00e9rieur). BT5.0. Fonctions incluses : suivi du sommeil, compteur de pas, distance, compteur de calories, moniteur de fr\u00e9quence cardiaque, tension art\u00e9rielle, oxyg\u00e8ne sanguin, mode multi-sport (11) et contr\u00f4le de l&rsquo;appareil photo. Avec ce tracker d&rsquo;activit\u00e9 \u00e9l\u00e9gant, vous adopterez un mode de vie plus sain. Temps de veille de 15 jours et temps de fonctionnement jusqu&rsquo;\u00e0 7 jours. Emball\u00e9 dans un emballage kraft FSC\u00ae mix. Article et accessoires 100 % sans PVC.             <\/p>\n<p><strong><u>Dimension<\/u><\/strong> : 23,7 x 1,9 x 1,2 cm<\/p>\n<p><strong><u>Mat\u00e9riau<\/u><\/strong> : ABS recycl\u00e9 et polyur\u00e9thane thermoplastique (TPU)<\/p>\n","protected":false},"featured_media":38616,"comment_status":"closed","ping_status":"closed","template":"","meta":{"inline_featured_image":false},"product_brand":[],"product_cat":[185,223,172,189],"product_tag":[],"class_list":{"0":"post-38615","1":"product","2":"type-product","3":"status-publish","4":"has-post-thumbnail","6":"product_cat-accessoires-soins-de-sante","7":"product_cat-appareils-voyage","8":"product_cat-sante","9":"product_cat-voyage","11":"first","12":"instock","13":"shipping-taxable","14":"purchasable","15":"product-type-simple"},"aioseo_notices":[],"_links":{"self":[{"href":"https:\/\/prestige-e.com\/fr\/wp-json\/wp\/v2\/product\/38615","targetHints":{"allow":["GET"]}}],"collection":[{"href":"https:\/\/prestige-e.com\/fr\/wp-json\/wp\/v2\/product"}],"about":[{"href":"https:\/\/prestige-e.com\/fr\/wp-json\/wp\/v2\/types\/product"}],"replies":[{"embeddable":true,"href":"https:\/\/prestige-e.com\/fr\/wp-json\/wp\/v2\/comments?post=38615"}],"wp:featuredmedia":[{"embeddable":true,"href":"https:\/\/prestige-e.com\/fr\/wp-json\/wp\/v2\/media\/38616"}],"wp:attachment":[{"href":"https:\/\/prestige-e.com\/fr\/wp-json\/wp\/v2\/media?parent=38615"}],"wp:term":[{"taxonomy":"product_brand","embeddable":true,"href":"https:\/\/prestige-e.com\/fr\/wp-json\/wp\/v2\/product_brand?post=38615"},{"taxonomy":"product_cat","embeddable":true,"href":"https:\/\/prestige-e.com\/fr\/wp-json\/wp\/v2\/product_cat?post=38615"},{"taxonomy":"product_tag","embeddable":true,"href":"https:\/\/prestige-e.com\/fr\/wp-json\/wp\/v2\/product_tag?post=38615"}],"curies":[{"name":"wp","href":"https:\/\/api.w.org\/{rel}","templated":true}]}}