{"id":38610,"date":"2023-03-11T13:44:45","date_gmt":"2023-03-11T12:44:45","guid":{"rendered":"https:\/\/prestige-e.com\/product\/bromley-station-meteo-de-bureau-avec-ecran-lcd-en-abs-et-bambou\/"},"modified":"2025-11-27T13:26:54","modified_gmt":"2025-11-27T12:26:54","slug":"bromley-station-meteo-de-bureau-avec-ecran-lcd-en-abs-et-bambou","status":"publish","type":"product","link":"https:\/\/prestige-e.com\/fr\/produit\/bromley-station-meteo-de-bureau-avec-ecran-lcd-en-abs-et-bambou\/","title":{"rendered":"BROMLEY. Station m\u00e9t\u00e9o de bureau avec \u00e9cran LCD en ABS et bambou"},"content":{"rendered":"","protected":false},"excerpt":{"rendered":"<p>Cette station m\u00e9t\u00e9o de bureau vous permet de consulter diverses informations importantes pour votre journ\u00e9e, ainsi qu&rsquo;une horloge et une fonction d&rsquo;alarme. Compl\u00e9tez votre environnement de travail avec cette station multifonctionnelle. <\/p>\n<p><strong><u>Mat\u00e9riau<\/u><\/strong> : ABS et bambou<\/p>\n","protected":false},"featured_media":38614,"comment_status":"closed","ping_status":"closed","template":"","meta":{"inline_featured_image":false},"product_brand":[],"product_cat":[175,214,174,152],"product_tag":[],"class_list":{"0":"post-38610","1":"product","2":"type-product","3":"status-publish","4":"has-post-thumbnail","6":"product_cat-appareils-art-de-vivre","7":"product_cat-appareils-ecologie","8":"product_cat-art-de-vivre","9":"product_cat-ecologie","11":"first","12":"instock","13":"shipping-taxable","14":"purchasable","15":"product-type-simple"},"aioseo_notices":[],"_links":{"self":[{"href":"https:\/\/prestige-e.com\/fr\/wp-json\/wp\/v2\/product\/38610","targetHints":{"allow":["GET"]}}],"collection":[{"href":"https:\/\/prestige-e.com\/fr\/wp-json\/wp\/v2\/product"}],"about":[{"href":"https:\/\/prestige-e.com\/fr\/wp-json\/wp\/v2\/types\/product"}],"replies":[{"embeddable":true,"href":"https:\/\/prestige-e.com\/fr\/wp-json\/wp\/v2\/comments?post=38610"}],"wp:featuredmedia":[{"embeddable":true,"href":"https:\/\/prestige-e.com\/fr\/wp-json\/wp\/v2\/media\/38614"}],"wp:attachment":[{"href":"https:\/\/prestige-e.com\/fr\/wp-json\/wp\/v2\/media?parent=38610"}],"wp:term":[{"taxonomy":"product_brand","embeddable":true,"href":"https:\/\/prestige-e.com\/fr\/wp-json\/wp\/v2\/product_brand?post=38610"},{"taxonomy":"product_cat","embeddable":true,"href":"https:\/\/prestige-e.com\/fr\/wp-json\/wp\/v2\/product_cat?post=38610"},{"taxonomy":"product_tag","embeddable":true,"href":"https:\/\/prestige-e.com\/fr\/wp-json\/wp\/v2\/product_tag?post=38610"}],"curies":[{"name":"wp","href":"https:\/\/api.w.org\/{rel}","templated":true}]}}