{"id":38607,"date":"2022-02-15T10:02:31","date_gmt":"2022-02-15T09:02:31","guid":{"rendered":"https:\/\/prestige-e.com\/product\/serviette-de-sport-bernal\/"},"modified":"2025-11-27T13:26:54","modified_gmt":"2025-11-27T12:26:54","slug":"serviette-de-sport-bernal","status":"publish","type":"product","link":"https:\/\/prestige-e.com\/fr\/produit\/serviette-de-sport-bernal\/","title":{"rendered":"Serviette de sport Bernal"},"content":{"rendered":"","protected":false},"excerpt":{"rendered":"<p>BERNAL. Serviette de sport rafra\u00eechissante fabriqu\u00e9e \u00e0 partir de polyester recycl\u00e9 (100% rPET) avec une pochette non tiss\u00e9e<br \/>\nServiette de sport rafra\u00eechissante fabriqu\u00e9e \u00e0 partir de polyester recycl\u00e9 (100% rPET). Serviette r\u00e9utilisable et lavable en machine. Serviette : 300 x 800 mm | Pochette : 120 x 205 mm   <\/p>\n<p><strong><u>Dimension<\/u><\/strong> : 30 X 80 cm<\/p>\n<p><strong><u>Mat\u00e9riau<\/u><\/strong> : rPET<\/p>\n","protected":false},"featured_media":38609,"comment_status":"closed","ping_status":"closed","template":"","meta":{"inline_featured_image":false},"product_brand":[],"product_cat":[171,148],"product_tag":[],"class_list":{"0":"post-38607","1":"product","2":"type-product","3":"status-publish","4":"has-post-thumbnail","6":"product_cat-accessoires-mode","7":"product_cat-mode","9":"first","10":"instock","11":"shipping-taxable","12":"purchasable","13":"product-type-simple"},"aioseo_notices":[],"_links":{"self":[{"href":"https:\/\/prestige-e.com\/fr\/wp-json\/wp\/v2\/product\/38607","targetHints":{"allow":["GET"]}}],"collection":[{"href":"https:\/\/prestige-e.com\/fr\/wp-json\/wp\/v2\/product"}],"about":[{"href":"https:\/\/prestige-e.com\/fr\/wp-json\/wp\/v2\/types\/product"}],"replies":[{"embeddable":true,"href":"https:\/\/prestige-e.com\/fr\/wp-json\/wp\/v2\/comments?post=38607"}],"wp:featuredmedia":[{"embeddable":true,"href":"https:\/\/prestige-e.com\/fr\/wp-json\/wp\/v2\/media\/38609"}],"wp:attachment":[{"href":"https:\/\/prestige-e.com\/fr\/wp-json\/wp\/v2\/media?parent=38607"}],"wp:term":[{"taxonomy":"product_brand","embeddable":true,"href":"https:\/\/prestige-e.com\/fr\/wp-json\/wp\/v2\/product_brand?post=38607"},{"taxonomy":"product_cat","embeddable":true,"href":"https:\/\/prestige-e.com\/fr\/wp-json\/wp\/v2\/product_cat?post=38607"},{"taxonomy":"product_tag","embeddable":true,"href":"https:\/\/prestige-e.com\/fr\/wp-json\/wp\/v2\/product_tag?post=38607"}],"curies":[{"name":"wp","href":"https:\/\/api.w.org\/{rel}","templated":true}]}}