{"id":38601,"date":"2023-03-11T14:06:26","date_gmt":"2023-03-11T13:06:26","guid":{"rendered":"https:\/\/prestige-e.com\/product\/ecouteurs-sans-fil\/"},"modified":"2025-11-27T13:26:52","modified_gmt":"2025-11-27T12:26:52","slug":"ecouteurs-sans-fil","status":"publish","type":"product","link":"https:\/\/prestige-e.com\/fr\/produit\/ecouteurs-sans-fil\/","title":{"rendered":"\u00c9couteurs sans fil"},"content":{"rendered":"","protected":false},"excerpt":{"rendered":"<p>Ensemble de 2 \u00e9couteurs True Wireless Stereo (TWS) 5.1 avec microphone et batterie int\u00e9gr\u00e9e de 25 mAh. Autonomie d&rsquo;environ 3 heures. Appairage automatique. Comprend un c\u00e2ble de charge micro USB et une station de charge de 200 mAh.    <\/p>\n<p><strong><u>Dimensions<\/u><\/strong> : 5,8 x 4 x 3 cm<\/p>\n<p><strong><u>Mat\u00e9riau<\/u><\/strong> : ABS<\/p>\n","protected":false},"featured_media":38602,"comment_status":"closed","ping_status":"closed","template":"","meta":{"inline_featured_image":false},"product_brand":[],"product_cat":[175,223,174,189],"product_tag":[],"class_list":{"0":"post-38601","1":"product","2":"type-product","3":"status-publish","4":"has-post-thumbnail","6":"product_cat-appareils-art-de-vivre","7":"product_cat-appareils-voyage","8":"product_cat-art-de-vivre","9":"product_cat-voyage","11":"first","12":"instock","13":"shipping-taxable","14":"purchasable","15":"product-type-simple"},"aioseo_notices":[],"_links":{"self":[{"href":"https:\/\/prestige-e.com\/fr\/wp-json\/wp\/v2\/product\/38601","targetHints":{"allow":["GET"]}}],"collection":[{"href":"https:\/\/prestige-e.com\/fr\/wp-json\/wp\/v2\/product"}],"about":[{"href":"https:\/\/prestige-e.com\/fr\/wp-json\/wp\/v2\/types\/product"}],"replies":[{"embeddable":true,"href":"https:\/\/prestige-e.com\/fr\/wp-json\/wp\/v2\/comments?post=38601"}],"wp:featuredmedia":[{"embeddable":true,"href":"https:\/\/prestige-e.com\/fr\/wp-json\/wp\/v2\/media\/38602"}],"wp:attachment":[{"href":"https:\/\/prestige-e.com\/fr\/wp-json\/wp\/v2\/media?parent=38601"}],"wp:term":[{"taxonomy":"product_brand","embeddable":true,"href":"https:\/\/prestige-e.com\/fr\/wp-json\/wp\/v2\/product_brand?post=38601"},{"taxonomy":"product_cat","embeddable":true,"href":"https:\/\/prestige-e.com\/fr\/wp-json\/wp\/v2\/product_cat?post=38601"},{"taxonomy":"product_tag","embeddable":true,"href":"https:\/\/prestige-e.com\/fr\/wp-json\/wp\/v2\/product_tag?post=38601"}],"curies":[{"name":"wp","href":"https:\/\/api.w.org\/{rel}","templated":true}]}}