{"id":38592,"date":"2023-03-11T14:09:23","date_gmt":"2023-03-11T13:09:23","guid":{"rendered":"https:\/\/prestige-e.com\/product\/cable-de-chargement-sherat-rcs\/"},"modified":"2025-11-27T13:26:52","modified_gmt":"2025-11-27T12:26:52","slug":"cable-de-chargement-sherat-rcs","status":"publish","type":"product","link":"https:\/\/prestige-e.com\/fr\/produit\/cable-de-chargement-sherat-rcs\/","title":{"rendered":"C\u00e2ble de chargement sherat RCS"},"content":{"rendered":"","protected":false},"excerpt":{"rendered":"<p>C\u00e2ble de chargement extensible de 1 m, fabriqu\u00e9 en RABS et en blanc \u00e9l\u00e9gant, avec c\u00e2bles et d\u00e9tails en cuir recycl\u00e9.<br \/>\nPartie centrale avec rev\u00eatement en cuir recycl\u00e9 et m\u00e9canisme interne rendant le c\u00e2ble extensible. Avec connexions d&rsquo;entr\u00e9e Type-C et USB et sorties Type-C, Lightning et Micro USB. 5V DC 2,4A. Le mat\u00e9riau RABS ou ABS recycl\u00e9 et le cuir recycl\u00e9 proviennent du recyclage d&rsquo;articles en fin de vie. Les mat\u00e9riaux recycl\u00e9s utilis\u00e9s incluent la certification RCS, qui garantit leur origine recycl\u00e9e. C\u00e2ble extensible. Connexion Micro USB, Type C et Lightning 5V DC 2,4A      <\/p>\n<p><strong><u>Dimensions<\/u><\/strong> : 5,5 x 100 x 2,4 cm<\/p>\n<p><strong><u>Mat\u00e9riau<\/u><\/strong> : cuir recycl\u00e9 et ABS recycl\u00e9<\/p>\n","protected":false},"featured_media":38596,"comment_status":"closed","ping_status":"closed","template":"","meta":{"inline_featured_image":false},"product_brand":[],"product_cat":[226,223,146,189],"product_tag":[],"class_list":{"0":"post-38592","1":"product","2":"type-product","3":"status-publish","4":"has-post-thumbnail","6":"product_cat-appareils-bureau","7":"product_cat-appareils-voyage","8":"product_cat-articles-de-bureau","9":"product_cat-voyage","11":"first","12":"instock","13":"shipping-taxable","14":"purchasable","15":"product-type-simple"},"aioseo_notices":[],"_links":{"self":[{"href":"https:\/\/prestige-e.com\/fr\/wp-json\/wp\/v2\/product\/38592","targetHints":{"allow":["GET"]}}],"collection":[{"href":"https:\/\/prestige-e.com\/fr\/wp-json\/wp\/v2\/product"}],"about":[{"href":"https:\/\/prestige-e.com\/fr\/wp-json\/wp\/v2\/types\/product"}],"replies":[{"embeddable":true,"href":"https:\/\/prestige-e.com\/fr\/wp-json\/wp\/v2\/comments?post=38592"}],"wp:featuredmedia":[{"embeddable":true,"href":"https:\/\/prestige-e.com\/fr\/wp-json\/wp\/v2\/media\/38596"}],"wp:attachment":[{"href":"https:\/\/prestige-e.com\/fr\/wp-json\/wp\/v2\/media?parent=38592"}],"wp:term":[{"taxonomy":"product_brand","embeddable":true,"href":"https:\/\/prestige-e.com\/fr\/wp-json\/wp\/v2\/product_brand?post=38592"},{"taxonomy":"product_cat","embeddable":true,"href":"https:\/\/prestige-e.com\/fr\/wp-json\/wp\/v2\/product_cat?post=38592"},{"taxonomy":"product_tag","embeddable":true,"href":"https:\/\/prestige-e.com\/fr\/wp-json\/wp\/v2\/product_tag?post=38592"}],"curies":[{"name":"wp","href":"https:\/\/api.w.org\/{rel}","templated":true}]}}