{"id":38589,"date":"2023-03-11T14:19:02","date_gmt":"2023-03-11T13:19:02","guid":{"rendered":"https:\/\/prestige-e.com\/product\/thermometre-vinga-hays\/"},"modified":"2025-11-27T13:26:51","modified_gmt":"2025-11-27T12:26:51","slug":"thermometre-vinga-hays","status":"publish","type":"product","link":"https:\/\/prestige-e.com\/fr\/produit\/thermometre-vinga-hays\/","title":{"rendered":"Thermom\u00e8tre VINGA Hays"},"content":{"rendered":"","protected":false},"excerpt":{"rendered":"<p>Pr\u00e9parez un repas parfait avec ce thermom\u00e8tre de cuisine pratique. Que vous cuisiniez un d\u00e9licieux r\u00f4ti de b\u0153uf ou que vous pr\u00e9pariez un g\u00e2teau sp\u00e9cial, ce thermom\u00e8tre multifonctionnel s&rsquo;av\u00e9rera indispensable dans votre cuisine, pour la cuisson au four, le gril ou la p\u00e2tisserie. Les fonctions minuterie et alarme vous aident \u00e0 garder le contr\u00f4le. Le thermom\u00e8tre affiche \u00e9galement les temp\u00e9ratures en Celsius et en Fahrenheit, vous permettant de le r\u00e9gler selon vos besoins. Un accessoire de cuisine essentiel.    <\/p>\n<p><strong><u>Dimensions<\/u><\/strong> : 11,5 x 3,6 x 21,7 cm<\/p>\n<p><strong><u>Mat\u00e9riaux<\/u><\/strong> : ABS et acier inoxydable<\/p>\n","protected":false},"featured_media":38590,"comment_status":"closed","ping_status":"closed","template":"","meta":{"inline_featured_image":false},"product_brand":[],"product_cat":[174,220],"product_tag":[],"class_list":{"0":"post-38589","1":"product","2":"type-product","3":"status-publish","4":"has-post-thumbnail","6":"product_cat-art-de-vivre","7":"product_cat-salon-cuisine-art-de-vivre","9":"first","10":"instock","11":"shipping-taxable","12":"purchasable","13":"product-type-simple"},"aioseo_notices":[],"_links":{"self":[{"href":"https:\/\/prestige-e.com\/fr\/wp-json\/wp\/v2\/product\/38589","targetHints":{"allow":["GET"]}}],"collection":[{"href":"https:\/\/prestige-e.com\/fr\/wp-json\/wp\/v2\/product"}],"about":[{"href":"https:\/\/prestige-e.com\/fr\/wp-json\/wp\/v2\/types\/product"}],"replies":[{"embeddable":true,"href":"https:\/\/prestige-e.com\/fr\/wp-json\/wp\/v2\/comments?post=38589"}],"wp:featuredmedia":[{"embeddable":true,"href":"https:\/\/prestige-e.com\/fr\/wp-json\/wp\/v2\/media\/38590"}],"wp:attachment":[{"href":"https:\/\/prestige-e.com\/fr\/wp-json\/wp\/v2\/media?parent=38589"}],"wp:term":[{"taxonomy":"product_brand","embeddable":true,"href":"https:\/\/prestige-e.com\/fr\/wp-json\/wp\/v2\/product_brand?post=38589"},{"taxonomy":"product_cat","embeddable":true,"href":"https:\/\/prestige-e.com\/fr\/wp-json\/wp\/v2\/product_cat?post=38589"},{"taxonomy":"product_tag","embeddable":true,"href":"https:\/\/prestige-e.com\/fr\/wp-json\/wp\/v2\/product_tag?post=38589"}],"curies":[{"name":"wp","href":"https:\/\/api.w.org\/{rel}","templated":true}]}}