{"id":38584,"date":"2023-03-11T14:01:35","date_gmt":"2023-03-11T13:01:35","guid":{"rendered":"https:\/\/prestige-e.com\/product\/morey-lampe-de-bureau-pliable-avec-chargeur-sans-fil-ultra-rapide-de-15-w-en-bambou\/"},"modified":"2025-11-27T13:26:53","modified_gmt":"2025-11-27T12:26:53","slug":"morey-lampe-de-bureau-pliable-avec-chargeur-sans-fil-ultra-rapide-de-15-w-en-bambou","status":"publish","type":"product","link":"https:\/\/prestige-e.com\/fr\/produit\/morey-lampe-de-bureau-pliable-avec-chargeur-sans-fil-ultra-rapide-de-15-w-en-bambou\/","title":{"rendered":"MOREY. Lampe de bureau pliable avec chargeur sans fil ultra-rapide de 15 W en bambou"},"content":{"rendered":"","protected":false},"excerpt":{"rendered":"<p>Lampe de bureau pliable en bambou avec 16 LED blanches et 9 LED jaunes et chargeur sans fil ultra-rapide. Permet de charger d\u2019autres appareils en m\u00eame temps. Une lampe compl\u00e8te et polyvalente qui allie fonctionnalit\u00e9 et praticit\u00e9.  <\/p>\n<p>Mat\u00e9riau: Bambou et ABS<\/p>\n","protected":false},"featured_media":38587,"comment_status":"closed","ping_status":"closed","template":"","meta":{"inline_featured_image":false},"product_brand":[],"product_cat":[226,214,152],"product_tag":[],"class_list":{"0":"post-38584","1":"product","2":"type-product","3":"status-publish","4":"has-post-thumbnail","6":"product_cat-appareils-bureau","7":"product_cat-appareils-ecologie","8":"product_cat-ecologie","10":"first","11":"instock","12":"shipping-taxable","13":"purchasable","14":"product-type-simple"},"aioseo_notices":[],"_links":{"self":[{"href":"https:\/\/prestige-e.com\/fr\/wp-json\/wp\/v2\/product\/38584","targetHints":{"allow":["GET"]}}],"collection":[{"href":"https:\/\/prestige-e.com\/fr\/wp-json\/wp\/v2\/product"}],"about":[{"href":"https:\/\/prestige-e.com\/fr\/wp-json\/wp\/v2\/types\/product"}],"replies":[{"embeddable":true,"href":"https:\/\/prestige-e.com\/fr\/wp-json\/wp\/v2\/comments?post=38584"}],"wp:featuredmedia":[{"embeddable":true,"href":"https:\/\/prestige-e.com\/fr\/wp-json\/wp\/v2\/media\/38587"}],"wp:attachment":[{"href":"https:\/\/prestige-e.com\/fr\/wp-json\/wp\/v2\/media?parent=38584"}],"wp:term":[{"taxonomy":"product_brand","embeddable":true,"href":"https:\/\/prestige-e.com\/fr\/wp-json\/wp\/v2\/product_brand?post=38584"},{"taxonomy":"product_cat","embeddable":true,"href":"https:\/\/prestige-e.com\/fr\/wp-json\/wp\/v2\/product_cat?post=38584"},{"taxonomy":"product_tag","embeddable":true,"href":"https:\/\/prestige-e.com\/fr\/wp-json\/wp\/v2\/product_tag?post=38584"}],"curies":[{"name":"wp","href":"https:\/\/api.w.org\/{rel}","templated":true}]}}