{"id":38579,"date":"2023-03-11T14:17:30","date_gmt":"2023-03-11T13:17:30","guid":{"rendered":"https:\/\/prestige-e.com\/product\/assistance-telephonique\/"},"modified":"2025-11-27T13:26:51","modified_gmt":"2025-11-27T12:26:51","slug":"assistance-telephonique","status":"publish","type":"product","link":"https:\/\/prestige-e.com\/fr\/produit\/assistance-telephonique\/","title":{"rendered":"Assistance t\u00e9l\u00e9phonique"},"content":{"rendered":"","protected":false},"excerpt":{"rendered":"<p>Support smartphone multifonction avec pi\u00e8ce int\u00e9gr\u00e9e pour chariot de supermarch\u00e9 et anneau\/support pliable. Corps en ABS durable avec finition blanche, avec pi\u00e8ce en bambou. Avec ruban adh\u00e9sif, fixation extra forte et sans r\u00e9sidus une fois d\u00e9tach\u00e9 de l\u2019appareil. Adh\u00e9sif. 3 fonctions    <\/p>\n<p><strong><u>Dimension<\/u><\/strong>&nbsp;: 3,5 x 6,5 x 0,6 cm<\/p>\n<p><strong><u>Mat\u00e9riau<\/u><\/strong>&nbsp;: bambou et ABS<\/p>\n","protected":false},"featured_media":38582,"comment_status":"closed","ping_status":"closed","template":"","meta":{"inline_featured_image":false},"product_brand":[],"product_cat":[146,178],"product_tag":[],"class_list":{"0":"post-38579","1":"product","2":"type-product","3":"status-publish","4":"has-post-thumbnail","6":"product_cat-articles-de-bureau","7":"product_cat-bureau-articles-de-bureau","9":"first","10":"instock","11":"shipping-taxable","12":"purchasable","13":"product-type-simple"},"aioseo_notices":[],"_links":{"self":[{"href":"https:\/\/prestige-e.com\/fr\/wp-json\/wp\/v2\/product\/38579","targetHints":{"allow":["GET"]}}],"collection":[{"href":"https:\/\/prestige-e.com\/fr\/wp-json\/wp\/v2\/product"}],"about":[{"href":"https:\/\/prestige-e.com\/fr\/wp-json\/wp\/v2\/types\/product"}],"replies":[{"embeddable":true,"href":"https:\/\/prestige-e.com\/fr\/wp-json\/wp\/v2\/comments?post=38579"}],"wp:featuredmedia":[{"embeddable":true,"href":"https:\/\/prestige-e.com\/fr\/wp-json\/wp\/v2\/media\/38582"}],"wp:attachment":[{"href":"https:\/\/prestige-e.com\/fr\/wp-json\/wp\/v2\/media?parent=38579"}],"wp:term":[{"taxonomy":"product_brand","embeddable":true,"href":"https:\/\/prestige-e.com\/fr\/wp-json\/wp\/v2\/product_brand?post=38579"},{"taxonomy":"product_cat","embeddable":true,"href":"https:\/\/prestige-e.com\/fr\/wp-json\/wp\/v2\/product_cat?post=38579"},{"taxonomy":"product_tag","embeddable":true,"href":"https:\/\/prestige-e.com\/fr\/wp-json\/wp\/v2\/product_tag?post=38579"}],"curies":[{"name":"wp","href":"https:\/\/api.w.org\/{rel}","templated":true}]}}